{"id":357,"date":"2018-08-03T08:06:05","date_gmt":"2018-08-03T06:06:05","guid":{"rendered":"https:\/\/mytozdrowie.nl\/%d0%b7%d0%b0-%d0%bd%d0%b0%d1%81\/"},"modified":"2026-04-13T15:25:08","modified_gmt":"2026-04-13T13:25:08","slug":"%d0%b7%d0%b0-%d0%bd%d0%b0%d1%81","status":"publish","type":"page","link":"https:\/\/mytozdrowie.nl\/bg\/%d0%b7%d0%b0-%d0%bd%d0%b0%d1%81\/","title":{"rendered":"\u0417\u0430 \u043d\u0430\u0441"},"content":{"rendered":"<div class=\"wpb-content-wrapper\"><p>[vc_row full_width=&#8220;stretch_row&#8220; el_class=&#8220;ts-column-pad-0&#8243; css=&#8220;.vc_custom_1535171682818{padding-bottom: 50px !important;}&#8220; ts_responsive_css=&#8220;69022376|colbreak_yes|||||||||colbreak_no|||||||||colbreak_no||||||||||colbreak_no|||||||||&#8220;][vc_column width=&#8220;1\/2&#8243; css=&#8220;.vc_custom_1533536933706{padding-right: 15% !important;}&#8220;]<div class=\"ts-element-heading-wrapper ts-heading-inner ts-element-align-left ts-seperator-none  vc_custom_1775464246212\"><section class=\"ts-vc_cta3-container\"><div class=\"ts-vc_general ts-vc_cta3 ts-cta3-only ts-vc_cta3-style-classic ts-vc_cta3-shape-rounded ts-vc_cta3-align-left ts-vc_cta3-color-transparent ts-vc_cta3-icon-size-md ts-vc_cta3-actions-no ts-cta3-with-desc\"><div class=\"ts-vc_cta3_content-container\"><div class=\"ts-vc_cta3-content\"><div class=\"ts-vc_cta3-content-header ts-wrap\"><div class=\"ts-vc_cta3-headers ts-wrap-cell\"><h2 class=\"ts-custom-heading \" >PIERWSZE POLSKIE<br \/>\nPUNKTY POBRA\u0143 KRWI W HOLANDII<\/h2>\n<\/div><\/div><div class=\"ts-cta3-content-wrapper\"><p>Jeste\u015bmy jedynym polskim punktem pobra\u0144 krwi w Holandii. Tworzymy to miejsce z my\u015bl\u0105 o Polakach mieszkaj\u0105cych w Holandii \u2013 aby mogli wykona\u0107 badania w swoim j\u0119zyku, bez straty czasu i nieporozumie\u0144.<\/p><\/div><\/div><\/div><\/div><\/section><\/div> <!-- .ts-element-heading-wrapper container --> [vc_column_text]\u041d\u0438\u0435 \u0449\u0435 \u0441\u0435 \u043f\u043e\u0433\u0440\u0438\u0436\u0438\u043c \u043a\u043e\u043c\u043f\u043b\u0435\u043a\u0441\u043d\u043e \u0437\u0430 \u0412\u0430\u0441 \u2013 \u043d\u0430\u0448\u0438\u044f\u0442 \u0435\u043a\u0438\u043f \u043e\u0442 \u043e\u043f\u0438\u0442\u043d\u0438 \u043b\u0435\u043a\u0430\u0440\u0438 \u0449\u0435 \u0412\u0438 \u043a\u043e\u043d\u0441\u0443\u043b\u0442\u0438\u0440\u0430 \u043a\u0430\u043a\u0432\u0438 \u0438\u0437\u0441\u043b\u0435\u0434\u0432\u0430\u043d\u0438\u044f \u0442\u0440\u044f\u0431\u0432\u0430 \u0434\u0430 \u043d\u0430\u043f\u0440\u0430\u0432\u0438\u0442\u0435, \u043c\u0435\u0434\u0438\u0446\u0438\u043d\u0441\u043a\u0430 \u0430\u0441\u0438\u0441\u0442\u0435\u043d\u0442\u043a\u0430 \u0449\u0435 \u0412\u0438 \u043f\u043e\u043c\u043e\u0433\u043d\u0435 \u0434\u0430 \u0438\u0437\u0431\u0435\u0440\u0435\u0442\u0435 \u043f\u043e\u0434\u0445\u043e\u0434\u044f\u0449 \u043f\u0430\u043a\u0435\u0442, \u0430 \u0441\u0435\u0440\u0442\u0438\u0444\u0438\u0446\u0438\u0440\u0430\u043d\u0430 \u043c\u0435\u0434\u0438\u0446\u0438\u043d\u0441\u043a\u0430 \u0441\u0435\u0441\u0442\u0440\u0430 \u0449\u0435 \u0432\u0437\u0435\u043c\u0435 \u043a\u0440\u044a\u0432. \u0420\u0435\u0437\u0443\u043b\u0442\u0430\u0442\u0438\u0442\u0435 \u0449\u0435 \u043f\u043e\u043b\u0443\u0447\u0438\u0442\u0435 \u043e\u0449\u0435 \u043d\u0430 \u0441\u043b\u0435\u0434\u0432\u0430\u0449\u0438\u044f \u0434\u0435\u043d! \u0412\u0435\u0447\u0435 \u043d\u0435 \u0435 \u043d\u0443\u0436\u043d\u043e \u0434\u0430 \u043f\u044a\u0442\u0443\u0432\u0430\u0442\u0435 \u0434\u043e \u041f\u043e\u043b\u0448\u0430, \u0437\u0430 \u0434\u0430 \u0441\u0435 \u0438\u0437\u0441\u043b\u0435\u0434\u0432\u0430\u0442\u0435.[\/vc_column_text][\/vc_column][vc_column ts_bgcolor=&#8220;skincolor&#8220; width=&#8220;1\/2&#8243; ts_responsive_css=&#8220;69486073|colbreak_no|||||15||||colbreak_no|||||||||colbreak_no||||||||||colbreak_no|||||||||&#8220;][vc_single_image image=&#8220;358&#8243; img_size=&#8220;full&#8220; css=&#8220;&#8220;][vc_row_inner css=&#8220;.vc_custom_1534659427495{padding-right: 50px !important;padding-bottom: 10px !important;padding-left: 50px !important;}&#8220;][vc_column_inner width=&#8220;1\/2&#8243;]<h4 style=\"text-align:left;\" class=\"ts-custom-heading \" >\u0420\u0410\u0411\u041e\u0422\u041d\u041e \u0412\u0420\u0415\u041c\u0415 \u0418 \u0426\u0415\u041d\u041e\u0412\u0410 \u041b\u0418\u0421\u0422\u0410<\/h4>\n<p style=\"text-align:left;\" class=\"ts-custom-heading \" >\u0417\u0430\u043f\u043e\u0432\u044f\u0434\u0430\u0439\u0442\u0435 \u2013 \u0437\u0430\u043f\u0438\u0448\u0435\u0442\u0435 \u0441\u0435 \u043e\u0449\u0435 \u0434\u043d\u0435\u0441!<\/p>\n[\/vc_column_inner][vc_column_inner width=&#8220;1\/2&#8243;]\r\n\t\t<div class=\"ts-vc_btn3-container  ts-btn-align-left-767 ts-vc_btn3-right\"><a class=\"ts-vc_general ts-vc_btn3 ts-vc_btn3-size-md ts-vc_btn3-shape-square ts-vc_btn3-style-flat ts-vc_btn3-weight-no ts-vc_btn3-color-white\" href=\"\/kontakt\/\" title=\"\">\u041f\u0420\u041e\u0412\u0415\u0420\u0415\u0422\u0415 \u041e\u0424\u0415\u0420\u0422\u0410\u0422\u0410<\/a><\/div>[\/vc_column_inner][\/vc_row_inner][\/vc_column][\/vc_row][vc_row full_width=&#8220;stretch_row&#8220; el_class=&#8220;ts-column-pad-0&#8243; css=&#8220;.vc_custom_1533893514163{padding-top: 0px !important;padding-bottom: 40px !important;}&#8220;][vc_column width=&#8220;1\/2&#8243; css=&#8220;.vc_custom_1775464296489{margin-top: -100px !important;padding-right: 15% !important;}&#8220; ts_responsive_css=&#8220;67218138|colbreak_no|0||||||||colbreak_no|||||||||colbreak_no||||||||||colbreak_no|||||||||&#8220;][vc_single_image image=&#8220;359&#8243; img_size=&#8220;497*538&#8243; css=&#8220;&#8220;][\/vc_column][vc_column width=&#8220;1\/2&#8243;]<div class=\"ts-element-heading-wrapper ts-heading-inner ts-element-align-left ts-seperator-none \"><section class=\"ts-vc_cta3-container\"><div class=\"ts-vc_general ts-vc_cta3 ts-cta3-only ts-vc_cta3-style-classic ts-vc_cta3-shape-rounded ts-vc_cta3-align-left ts-vc_cta3-color-transparent ts-vc_cta3-icon-size-md ts-vc_cta3-actions-no ts-cta3-without-desc\"><div class=\"ts-vc_cta3_content-container\"><div class=\"ts-vc_cta3-content\"><div class=\"ts-vc_cta3-content-header ts-wrap\"><div class=\"ts-vc_cta3-headers ts-wrap-cell\"><h2 class=\"ts-custom-heading \" >DLACZEGO WARTO<br \/>\nNAM ZAUFA\u0106?<\/h2>\n<\/div><\/div><\/div><\/div><\/div><\/section><\/div> <!-- .ts-element-heading-wrapper container --> [vc_column_text]\u041e\u0441\u044a\u0437\u043d\u0430\u0432\u0430\u043c\u0435, \u0447\u0435 \u043f\u0440\u0438 \u0438\u0437\u0431\u043e\u0440\u0430 \u043d\u0430 \u043f\u0443\u043d\u043a\u0442 \u0437\u0430 \u0432\u0437\u0435\u043c\u0430\u043d\u0435 \u043d\u0430 \u043f\u0440\u043e\u0431\u0438 \u043d\u0430\u0439-\u0432\u0430\u0436\u043d\u0438 \u0441\u0430: \u043f\u0440\u043e\u0444\u0435\u0441\u0438\u043e\u043d\u0430\u043b\u0438\u0437\u043c\u044a\u0442, \u0442\u043e\u0447\u043d\u043e\u0441\u0442\u0442\u0430 \u043d\u0430 \u0440\u0435\u0437\u0443\u043b\u0442\u0430\u0442\u0438\u0442\u0435, \u0431\u0435\u0437\u043e\u043f\u0430\u0441\u043d\u043e\u0441\u0442\u0442\u0430 \u0438 \u0434\u043e\u0432\u0435\u0440\u0438\u0435\u0442\u043e. \u0417\u0430\u0442\u043e\u0432\u0430 \u0437\u0430\u043b\u0430\u0433\u0430\u043c\u0435 \u043d\u0430 \u043d\u0430\u0439-\u0432\u0438\u0441\u043e\u043a\u0438\u0442\u0435 \u0441\u0442\u0430\u043d\u0434\u0430\u0440\u0442\u0438 \u0437\u0430 \u043e\u0431\u0441\u043b\u0443\u0436\u0432\u0430\u043d\u0435 \u0438 \u043a\u0430\u0447\u0435\u0441\u0442\u0432\u043e. \u0421\u044a\u0442\u0440\u0443\u0434\u043d\u0438\u0447\u0438\u043c \u0441\u0438 \u0441 \u0435\u0434\u043d\u0430 \u043e\u0442 \u043d\u0430\u0439-\u0434\u043e\u0431\u0440\u0438\u0442\u0435 \u043b\u0430\u0431\u043e\u0440\u0430\u0442\u043e\u0440\u0438\u0438 \u0432 \u041f\u043e\u043b\u0448\u0430, \u043f\u0440\u0438\u0442\u0435\u0436\u0430\u0432\u0430\u0449\u0430 ISO \u0441\u0435\u0440\u0442\u0438\u0444\u0438\u043a\u0430\u0442 \u2013 \u0432\u0441\u0438\u0447\u043a\u0438 \u0438\u0437\u0441\u043b\u0435\u0434\u0432\u0430\u043d\u0438\u044f \u0441\u0435 \u0438\u0437\u0432\u044a\u0440\u0448\u0432\u0430\u0442 \u0441 \u043e\u0431\u043e\u0440\u0443\u0434\u0432\u0430\u043d\u0435 \u043e\u0442 \u043d\u0430\u0439-\u0432\u0438\u0441\u043e\u043a \u043a\u043b\u0430\u0441 \u0432 \u0441\u0432\u0435\u0442\u0430.[\/vc_column_text][vc_row_inner el_class=&#8220;ts-fid-sep&#8220;][vc_column_inner width=&#8220;1\/3&#8243;]\r\n\r\n<div class=\"ts-fid inside ts-fid-boxstyle-without-icon ts-fidbox-style-3\">\r\n\t<div class=\"ts-fld-contents\">\r\n\t\t<h3 class=\"ts-fid-inner\">\r\n\t\t\t\t\t\t<span\r\n\t\t\t\tdata-appear-animation = \"animateDigits\"\r\n\t\t\t\tdata-from             = \"0\"\r\n\t\t\t\tdata-to               = \"36\"\r\n\t\t\t\tdata-interval         = \"5\"\r\n\t\t\t\t>\r\n\t\t\t\t\t36\t\t\t<\/span>\r\n\t\t\t\t\t<\/h3>\r\n\t\t<h6 class=\"ts-fid-title\"><span>\u0420\u0415\u0417\u0423\u041b\u0422\u0410\u0422\u0418 \u0412 \u0427\u0410\u0421\u041e\u0412\u0415<br><\/span><\/h6>\r\n\t<\/div><!-- .ts-fld-contents -->\r\n<\/div>\r\n\r\n\r\n\r\n[\/vc_column_inner][vc_column_inner width=&#8220;1\/3&#8243;]\r\n\r\n<div class=\"ts-fid inside ts-fid-boxstyle-without-icon ts-fidbox-style-3\">\r\n\t<div class=\"ts-fld-contents\">\r\n\t\t<h3 class=\"ts-fid-inner\">\r\n\t\t\t\t\t\t<span\r\n\t\t\t\tdata-appear-animation = \"animateDigits\"\r\n\t\t\t\tdata-from             = \"0\"\r\n\t\t\t\tdata-to               = \"4\"\r\n\t\t\t\tdata-interval         = \"5\"\r\n\t\t\t\t>\r\n\t\t\t\t\t4\t\t\t<\/span>\r\n\t\t\t\t\t<\/h3>\r\n\t\t<h6 class=\"ts-fid-title\"><span>\u0415\u0417\u0418\u0426\u0418 \u041d\u0410 \u041e\u0411\u0421\u041b\u0423\u0416\u0412\u0410\u041d\u0415<br><\/span><\/h6>\r\n\t<\/div><!-- .ts-fld-contents -->\r\n<\/div>\r\n\r\n\r\n\r\n[\/vc_column_inner][vc_column_inner width=&#8220;1\/3&#8243;]\r\n\r\n<div class=\"ts-fid inside ts-fid-boxstyle-without-icon ts-fidbox-style-3\">\r\n\t<div class=\"ts-fld-contents\">\r\n\t\t<h3 class=\"ts-fid-inner\">\r\n\t\t\t\t\t\t<span\r\n\t\t\t\tdata-appear-animation = \"animateDigits\"\r\n\t\t\t\tdata-from             = \"0\"\r\n\t\t\t\tdata-to               = \"30\"\r\n\t\t\t\tdata-interval         = \"5\"\r\n\t\t\t\t>\r\n\t\t\t\t\t30\t\t\t<\/span>\r\n\t\t\t\t\t<\/h3>\r\n\t\t<h6 class=\"ts-fid-title\"><span>\u041f\u0410\u041a\u0415\u0422\u0418 \u0418\u0417\u0421\u041b\u0415\u0414\u0412\u0410\u041d\u0418\u042f<br><\/span><\/h6>\r\n\t<\/div><!-- .ts-fld-contents -->\r\n<\/div>\r\n\r\n\r\n\r\n[\/vc_column_inner][\/vc_row_inner][\/vc_column][\/vc_row][vc_row ts_bgcolor=&#8220;grey&#8220; full_width=&#8220;stretch_row&#8220; css=&#8220;.vc_custom_1533285607880{padding-bottom: 100px !important;}&#8220;][vc_column]<div class=\"ts-element-heading-wrapper ts-heading-inner ts-element-align-center ts-seperator-none \"><section class=\"ts-vc_cta3-container\"><div class=\"ts-vc_general ts-vc_cta3 ts-cta3-only ts-vc_cta3-style-classic ts-vc_cta3-shape-rounded ts-vc_cta3-align-center ts-vc_cta3-color-transparent ts-vc_cta3-icon-size-md ts-vc_cta3-actions-no ts-cta3-without-desc\"><div class=\"ts-vc_cta3_content-container\"><div class=\"ts-vc_cta3-content\"><div class=\"ts-vc_cta3-content-header ts-wrap\"><div class=\"ts-vc_cta3-headers ts-wrap-cell\"><h2 class=\"ts-custom-heading \" >NASZE PAKIETY BADA\u0143<br \/>\nDOPASOWANE DO TWOICH POTRZEB<\/h2>\n<\/div><\/div><\/div><\/div><\/div><\/section><\/div> <!-- .ts-element-heading-wrapper container --> [vc_row_inner][vc_column_inner width=&#8220;1\/3&#8243;]\r\n\r\n<div class=\"ts-ihbox ts-ihbox-style-3 ts-ihbox-itype-icon \">\r\n\t<div class=\"ts-sbox-bgimage-layer ts-bgimage-layer\"><\/div>\r\n\t<div class=\"ts-ihbox-wrapper-bg-layer ts-bg-layer\"><\/div>\r\n\t\r\n\t<div class=\"ts-ihbox-inner\">\r\n\t\t<div class=\"ts-ihbox-icon ts-large-icon ts-icon-skincolor\">\r\n\t\t\t<div class=\"ts-ihbox-icon-wrapper\"><i class=\"ts-labtechco-business-icon ts-labtechco-business-icon-microscope-2\"><\/i><\/div>\t\t<\/div>\r\n\r\n\t\t<div class=\"ts-ihbox-contents\">\r\n\t\t\t<div class=\"ts-vc_general ts-vc_cta3 ts-cta3-only ts-vc_cta3-style-classic ts-vc_cta3-shape-rounded ts-vc_cta3-align-left ts-vc_cta3-color-transparent ts-vc_cta3-icon-size-md ts-vc_cta3-actions-no ts-cta3-with-desc\"><div class=\"ts-vc_cta3_content-container\"><div class=\"ts-vc_cta3-content\"><div class=\"ts-vc_cta3-content-header ts-wrap\"><div class=\"ts-vc_cta3-headers ts-wrap-cell\"><h2 class=\"ts-custom-heading \">PAKIETY DLA SPORTOWC\u00d3W I KULTURYST\u00d3W<\/h2>\n<\/div><\/div><div class=\"ts-cta3-content-wrapper\"> <\/div><\/div><\/div><\/div>\t\t\t<div class=\"ts-cta3-content-wrapper\">\u041a\u043e\u043d\u0442\u0440\u043e\u043b \u043d\u0430 \u0445\u043e\u0440\u043c\u043e\u043d\u0438\u0442\u0435, \u043f\u043e\u043a\u0430\u0437\u0430\u0442\u0435\u043b\u0438\u0442\u0435 \u0437\u0430 \u0435\u0444\u0435\u043a\u0442\u0438\u0432\u043d\u043e\u0441\u0442 \u0438 \u0432\u044a\u0437\u0441\u0442\u0430\u043d\u043e\u0432\u044f\u0432\u0430\u043d\u0435. \u041f\u0430\u043a\u0435\u0442\u0438, \u0441\u044a\u0437\u0434\u0430\u0434\u0435\u043d\u0438 \u043e\u0442 \u0435\u043a\u0438\u043f \u043e\u0442 \u043e\u043f\u0438\u0442\u043d\u0438 \u043b\u0435\u043a\u0430\u0440\u0438 \u0441\u043f\u0435\u0446\u0438\u0430\u043b\u0438\u0441\u0442\u0438. <\/div>\t\t\t\t\t<\/div><!-- .ts-ihbox-contents -->\r\n\t<\/div>\r\n<\/div>\r\n\r\n\r\n\r\n[\/vc_column_inner][vc_column_inner width=&#8220;1\/3&#8243;]\r\n\r\n<div class=\"ts-ihbox ts-ihbox-style-3 ts-ihbox-itype-icon \">\r\n\t<div class=\"ts-sbox-bgimage-layer ts-bgimage-layer\"><\/div>\r\n\t<div class=\"ts-ihbox-wrapper-bg-layer ts-bg-layer\"><\/div>\r\n\t\r\n\t<div class=\"ts-ihbox-inner\">\r\n\t\t<div class=\"ts-ihbox-icon ts-large-icon ts-icon-skincolor\">\r\n\t\t\t<div class=\"ts-ihbox-icon-wrapper\"><i class=\"ts-labtechco-business-icon ts-labtechco-business-icon-bacteria\"><\/i><\/div>\t\t<\/div>\r\n\r\n\t\t<div class=\"ts-ihbox-contents\">\r\n\t\t\t<div class=\"ts-vc_general ts-vc_cta3 ts-cta3-only ts-vc_cta3-style-classic ts-vc_cta3-shape-rounded ts-vc_cta3-align-left ts-vc_cta3-color-transparent ts-vc_cta3-icon-size-md ts-vc_cta3-actions-no ts-cta3-with-desc\"><div class=\"ts-vc_cta3_content-container\"><div class=\"ts-vc_cta3-content\"><div class=\"ts-vc_cta3-content-header ts-wrap\"><div class=\"ts-vc_cta3-headers ts-wrap-cell\"><h2 class=\"ts-custom-heading \">PAKIETY ROZSZERZONE I DEDYKOWANE<\/h2>\n<\/div><\/div><div class=\"ts-cta3-content-wrapper\"> <\/div><\/div><\/div><\/div>\t\t\t<div class=\"ts-cta3-content-wrapper\">\u041a\u043e\u043c\u043f\u043b\u0435\u043a\u0441\u043d\u0430 \u0434\u0438\u0430\u0433\u043d\u043e\u0441\u0442\u0438\u043a\u0430: \u0434\u0438\u0430\u0431\u0435\u0442, \u0430\u043d\u0435\u043c\u0438\u044f, \u0449\u0438\u0442\u043e\u0432\u0438\u0434\u043d\u0430 \u0436\u043b\u0435\u0437\u0430, \u0447\u0435\u0440\u0435\u043d \u0434\u0440\u043e\u0431, \u043f\u0430\u043d\u043a\u0440\u0435\u0430\u0441, \u0431\u044a\u0431\u0440\u0435\u0446\u0438, \u0432\u0438\u0442\u0430\u043c\u0438\u043d\u0438. \u0421\u043f\u0435\u0446\u0438\u0430\u043b\u0438\u0437\u0438\u0440\u0430\u043d\u0438 \u043f\u0430\u043a\u0435\u0442\u0438 \u0437\u0430 \u0436\u0435\u043d\u0438, \u043c\u044a\u0436\u0435, \u043f\u043b\u0430\u043d\u0438\u0440\u0430\u0449\u0438 \u0431\u0440\u0435\u043c\u0435\u043d\u043d\u043e\u0441\u0442 \u0438 \u0438\u0437\u043f\u043e\u043b\u0437\u0432\u0430\u0449\u0438 \u043a\u043e\u043d\u0442\u0440\u0430\u0446\u0435\u043f\u0446\u0438\u044f. <\/div>\t\t\t\t\t<\/div><!-- .ts-ihbox-contents -->\r\n\t<\/div>\r\n<\/div>\r\n\r\n\r\n\r\n[\/vc_column_inner][vc_column_inner width=&#8220;1\/3&#8243;]\r\n\r\n<div class=\"ts-ihbox ts-ihbox-style-3 ts-ihbox-itype-icon \">\r\n\t<div class=\"ts-sbox-bgimage-layer ts-bgimage-layer\"><\/div>\r\n\t<div class=\"ts-ihbox-wrapper-bg-layer ts-bg-layer\"><\/div>\r\n\t\r\n\t<div class=\"ts-ihbox-inner\">\r\n\t\t<div class=\"ts-ihbox-icon ts-large-icon ts-icon-skincolor\">\r\n\t\t\t<div class=\"ts-ihbox-icon-wrapper\"><i class=\"ts-labtechco-business-icon ts-labtechco-business-icon-flask\"><\/i><\/div>\t\t<\/div>\r\n\r\n\t\t<div class=\"ts-ihbox-contents\">\r\n\t\t\t<div class=\"ts-vc_general ts-vc_cta3 ts-cta3-only ts-vc_cta3-style-classic ts-vc_cta3-shape-rounded ts-vc_cta3-align-left ts-vc_cta3-color-transparent ts-vc_cta3-icon-size-md ts-vc_cta3-actions-no ts-cta3-with-desc\"><div class=\"ts-vc_cta3_content-container\"><div class=\"ts-vc_cta3-content\"><div class=\"ts-vc_cta3-content-header ts-wrap\"><div class=\"ts-vc_cta3-headers ts-wrap-cell\"><h2 class=\"ts-custom-heading \">ALERGIE I MARKERY NOWOTWOROWE<\/h2>\n<\/div><\/div><div class=\"ts-cta3-content-wrapper\"> <\/div><\/div><\/div><\/div>\t\t\t<div class=\"ts-cta3-content-wrapper\">\u0414\u0438\u0430\u0433\u043d\u043e\u0441\u0442\u0438\u043a\u0430 \u043d\u0430 \u043d\u0430\u0439-\u0447\u0435\u0441\u0442\u0438\u0442\u0435 \u0445\u0440\u0430\u043d\u0438\u0442\u0435\u043b\u043d\u0438 \u0438 \u0438\u043d\u0445\u0430\u043b\u0430\u0442\u043e\u0440\u043d\u0438 \u0430\u043b\u0435\u0440\u0433\u0438\u0438, \u043a\u0430\u043a\u0442\u043e \u0438 \u043f\u0440\u043e\u0444\u0438\u043b\u0430\u043a\u0442\u0438\u0447\u0435\u043d \u043a\u043e\u043d\u0442\u0440\u043e\u043b \u043d\u0430 \u0442\u0443\u043c\u043e\u0440\u043d\u0438 \u043c\u0430\u0440\u043a\u0435\u0440\u0438. \u0420\u0430\u043d\u043d\u043e\u0442\u043e \u043e\u0442\u043a\u0440\u0438\u0432\u0430\u043d\u0435 \u0435 \u043d\u0430\u0439-\u0434\u043e\u0431\u0440\u0430\u0442\u0430 \u0437\u0430\u0449\u0438\u0442\u0430. <\/div>\t\t\t\t\t<\/div><!-- .ts-ihbox-contents -->\r\n\t<\/div>\r\n<\/div>\r\n\r\n\r\n\r\n[\/vc_column_inner][\/vc_row_inner][\/vc_column][\/vc_row][vc_row ts_bgcolor=&#8220;skincolor&#8220; full_width=&#8220;stretch_row&#8220;][vc_column][vc_row_inner][vc_column_inner width=&#8220;1\/3&#8243;]<div class=\"themestek-progress-bar vc_progress_bar wpb_content_element vc_progress-bar-color-white vc_progress-bar-color-white\"><div class=\"ts-pbar-single-bar-w ts-pbar-icon-false\"><div class=\"vc_general vc_single_bar\"><small class=\"vc_label\"> CERTYFIKOWANY PERSONEL<\/small> <span class=\"ts-vc_label_units vc_label_units\">100%<\/span><span class=\"vc_bar \" data-percentage-value=\"100\" data-value=\"100\"><\/span><\/div><\/div><\/div>[vc_column_text]\u041a\u0440\u044a\u0432 \u0441\u0435 \u0432\u0437\u0435\u043c\u0430 \u043e\u0442 \u0441\u0435\u0440\u0442\u0438\u0444\u0438\u0446\u0438\u0440\u0430\u043d\u0430 \u043c\u0435\u0434\u0438\u0446\u0438\u043d\u0441\u043a\u0430 \u0441\u0435\u0441\u0442\u0440\u0430, \u0432\u043f\u0438\u0441\u0430\u043d\u0430 \u0432 \u0445\u043e\u043b\u0430\u043d\u0434\u0441\u043a\u0438\u044f \u0440\u0435\u0433\u0438\u0441\u0442\u044a\u0440 BIG \u043d\u0430 \u043c\u0435\u0434\u0438\u0446\u0438\u043d\u0441\u043a\u0438\u0442\u0435 \u0440\u0430\u0431\u043e\u0442\u043d\u0438\u0446\u0438. \u041f\u044a\u043b\u043d\u0430 \u0431\u0435\u0437\u043e\u043f\u0430\u0441\u043d\u043e\u0441\u0442 \u0438 \u043f\u0440\u043e\u0444\u0435\u0441\u0438\u043e\u043d\u0430\u043b\u0438\u0437\u044a\u043c.[\/vc_column_text][\/vc_column_inner][vc_column_inner width=&#8220;1\/3&#8243;]<div class=\"themestek-progress-bar vc_progress_bar wpb_content_element vc_progress-bar-color-white vc_progress-bar-color-white\"><div class=\"ts-pbar-single-bar-w ts-pbar-icon-false\"><div class=\"vc_general vc_single_bar\"><small class=\"vc_label\">KONSULTACJA LEKARSKA<\/small> <span class=\"ts-vc_label_units vc_label_units\">100%<\/span><span class=\"vc_bar \" data-percentage-value=\"100\" data-value=\"100\"><\/span><\/div><\/div><\/div>[vc_column_text]\u0412\u044a\u0437\u043c\u043e\u0436\u043d\u043e\u0441\u0442 \u0437\u0430 \u043a\u043e\u043d\u0441\u0443\u043b\u0442\u0430\u0446\u0438\u044f \u0441 \u043f\u043e\u043b\u0441\u043a\u0438 \u043b\u0435\u043a\u0430\u0440 \u043f\u0440\u0435\u0434\u0438 \u0438 \u0441\u043b\u0435\u0434 \u0438\u0437\u0441\u043b\u0435\u0434\u0432\u0430\u043d\u0438\u044f\u0442\u0430. \u041a\u043e\u043d\u0442\u0440\u043e\u043b\u0438\u0440\u0430\u0449\u0438\u044f\u0442 \u043b\u0435\u043a\u0430\u0440 \u0441\u043b\u0435\u0434\u0438 \u0437\u0430 \u0438\u0437\u0431\u043e\u0440\u0430 \u043d\u0430 \u0438\u0437\u0441\u043b\u0435\u0434\u0432\u0430\u043d\u0438\u044f \u0438 \u0438\u043d\u0442\u0435\u0440\u043f\u0440\u0435\u0442\u0430\u0446\u0438\u044f\u0442\u0430 \u043d\u0430 \u0440\u0435\u0437\u0443\u043b\u0442\u0430\u0442\u0438\u0442\u0435.[\/vc_column_text][\/vc_column_inner][vc_column_inner width=&#8220;1\/3&#8243;]<div class=\"themestek-progress-bar vc_progress_bar wpb_content_element vc_progress-bar-color-white vc_progress-bar-color-white\"><div class=\"ts-pbar-single-bar-w ts-pbar-icon-false\"><div class=\"vc_general vc_single_bar\"><small class=\"vc_label\"> LABORATORIUM ISO<\/small> <span class=\"ts-vc_label_units vc_label_units\">100%<\/span><span class=\"vc_bar \" data-percentage-value=\"100\" data-value=\"100\"><\/span><\/div><\/div><\/div>[vc_column_text]\u0421\u044a\u0442\u0440\u0443\u0434\u043d\u0438\u0447\u0438\u043c \u0441\u0438 \u0441 \u0435\u0434\u043d\u0430 \u043e\u0442 \u043d\u0430\u0439-\u0434\u043e\u0431\u0440\u0438\u0442\u0435 \u043b\u0430\u0431\u043e\u0440\u0430\u0442\u043e\u0440\u0438\u0438 \u0432 \u041f\u043e\u043b\u0448\u0430 \u0441 ISO \u0441\u0435\u0440\u0442\u0438\u0444\u0438\u043a\u0430\u0442. \u0415\u043f\u0440\u0443\u0432\u0435\u0442\u043a\u0438\u0442\u0435 \u043e\u0442 \u0440\u0435\u043d\u043e\u043c\u0438\u0440\u0430\u043d\u0430 \u0444\u0438\u0440\u043c\u0430 \u0433\u0430\u0440\u0430\u043d\u0442\u0438\u0440\u0430\u0442 \u043d\u0430\u0439-\u0432\u0438\u0441\u043e\u043a\u0430 \u043f\u0440\u0435\u0446\u0438\u0437\u043d\u043e\u0441\u0442 \u043d\u0430 \u0440\u0435\u0437\u0443\u043b\u0442\u0430\u0442\u0438\u0442\u0435.[\/vc_column_text][\/vc_column_inner][\/vc_row_inner][\/vc_column][\/vc_row][vc_row full_width=&#8220;stretch_row&#8220;][vc_column]<div class=\"themestek-boxes themestek-boxes-testimonial themestek-boxes-element-testimonial-style-2 themestek-boxes-view-carousel themestek-boxes-col-one themestek-boxes-sortable-no themestek-boxes-textalign-center themestek-boxes-sortablebutton- ts-boxes-carousel-arrows-1\" data-ts-speed=\"1500\" data-ts-autoplay=\"1\" data-ts-autoplayspeed=\"4500\" data-ts-loop=\"1\" data-ts-dots=\"0\" data-ts-nav=\"1\" data-ts-centermode=\"0\" data-ts-pauseonfocus=\"1\" data-ts-pauseonhover=\"1\" data-ts-slidestoscroll=\"column\" data-ts-effecttype=\"slide\">\r\n\t\t<div class=\"themestek-boxes-inner themestek-boxes-testimonial-inner \"><div class=\"themestek-box-heading-wrapper ts-element-align-center\"><div class=\"ts-element-heading-wrapper ts-heading-inner ts-element-align-center ts-seperator-none \"><section class=\"ts-vc_cta3-container\"><div class=\"ts-vc_general ts-vc_cta3 ts-cta3-only ts-vc_cta3-style-classic ts-vc_cta3-shape-rounded ts-vc_cta3-align-center ts-vc_cta3-color-transparent ts-vc_cta3-icon-size-md ts-vc_cta3-actions-no ts-cta3-with-desc\"><div class=\"ts-vc_cta3_content-container\"><div class=\"ts-vc_cta3-content\"><div class=\"ts-vc_cta3-content-header ts-wrap\"><div class=\"ts-vc_cta3-headers ts-wrap-cell\"><h2 class=\"ts-custom-heading \" ><a href=\"\">CO M\u00d3WI\u0104 NASI PACJENCI<\/a><\/h2>\n<\/div><\/div><div class=\"ts-cta3-content-wrapper\"><p><a href=\"https:\/\/www.facebook.com\/profile.php?id=61584200886714&amp;sk=reviews\">\u0412\u0438\u0436\u0442\u0435 \u0434\u0440\u0443\u0433\u0438 \u043c\u043d\u0435\u043d\u0438\u044f<\/a><\/p><\/div><\/div><\/div><\/div><\/section><\/div> <!-- .ts-element-heading-wrapper container --> <\/div> <!-- .ts-element-heading-wrapper container --> <\/div><!-- .themestek-boxes-inner -->   <\/div><!-- .themestek-boxes -->  [\/vc_column][\/vc_row]<\/p>\n<\/div>","protected":false},"excerpt":{"rendered":"<p>[vc_row full_width=&#8220;stretch_row&#8220; el_class=&#8220;ts-column-pad-0&#8243; css=&#8220;.vc_custom_1535171682818{padding-bottom: 50px !important;}&#8220; ts_responsive_css=&#8220;69022376|colbreak_yes|||||||||colbreak_no|||||||||colbreak_no||||||||||colbreak_no|||||||||&#8220;][vc_column width=&#8220;1\/2&#8243; css=&#8220;.vc_custom_1533536933706{padding-right: 15% !important;}&#8220;][vc_column_text]\u041d\u0438\u0435 \u0449\u0435 \u0441\u0435 \u043f\u043e\u0433\u0440\u0438\u0436\u0438\u043c \u043a\u043e\u043c\u043f\u043b\u0435\u043a\u0441\u043d\u043e \u0437\u0430 \u0412\u0430\u0441 \u2013 \u043d\u0430\u0448\u0438\u044f\u0442 \u0435\u043a\u0438\u043f \u043e\u0442 \u043e\u043f\u0438\u0442\u043d\u0438 \u043b\u0435\u043a\u0430\u0440\u0438 \u0449\u0435 \u0412\u0438 \u043a\u043e\u043d\u0441\u0443\u043b\u0442\u0438\u0440\u0430 \u043a\u0430\u043a\u0432\u0438 \u0438\u0437\u0441\u043b\u0435\u0434\u0432\u0430\u043d\u0438\u044f \u0442\u0440\u044f\u0431\u0432\u0430 \u0434\u0430 \u043d\u0430\u043f\u0440\u0430\u0432\u0438\u0442\u0435, \u043c\u0435\u0434\u0438\u0446\u0438\u043d\u0441\u043a\u0430 \u0430\u0441\u0438\u0441\u0442\u0435\u043d\u0442\u043a\u0430 \u0449\u0435 \u0412\u0438 \u043f\u043e\u043c\u043e\u0433\u043d\u0435 \u0434\u0430 \u0438\u0437\u0431\u0435\u0440\u0435\u0442\u0435 \u043f\u043e\u0434\u0445\u043e\u0434\u044f\u0449 \u043f\u0430\u043a\u0435\u0442, \u0430 \u0441\u0435\u0440\u0442\u0438\u0444\u0438\u0446\u0438\u0440\u0430\u043d\u0430 \u043c\u0435\u0434\u0438\u0446\u0438\u043d\u0441\u043a\u0430 \u0441\u0435\u0441\u0442\u0440\u0430 \u0449\u0435 \u0432\u0437\u0435\u043c\u0435 \u043a\u0440\u044a\u0432. \u0420\u0435\u0437\u0443\u043b\u0442\u0430\u0442\u0438\u0442\u0435 \u0449\u0435 \u043f\u043e\u043b\u0443\u0447\u0438\u0442\u0435 \u043e\u0449\u0435 \u043d\u0430 \u0441\u043b\u0435\u0434\u0432\u0430\u0449\u0438\u044f \u0434\u0435\u043d! \u0412\u0435\u0447\u0435 &hellip; <a href=\"https:\/\/mytozdrowie.nl\/bg\/%d0%b7%d0%b0-%d0%bd%d0%b0%d1%81\/\" class=\"more-link\" title=\"Continue reading <span class=\"screen-reader-text\">\u0417\u0430 \u043d\u0430\u0441<\/span>&#8222;>Continue reading <span class=\"screen-reader-text\">\u0417\u0430 \u043d\u0430\u0441<\/span><\/a><\/p>\n","protected":false},"author":1,"featured_media":0,"parent":0,"menu_order":14,"comment_status":"closed","ping_status":"closed","template":"","meta":{"footnotes":""},"class_list":["post-357","page","type-page","status-publish","hentry"],"_links":{"self":[{"href":"https:\/\/mytozdrowie.nl\/bg\/wp-json\/wp\/v2\/pages\/357","targetHints":{"allow":["GET"]}}],"collection":[{"href":"https:\/\/mytozdrowie.nl\/bg\/wp-json\/wp\/v2\/pages"}],"about":[{"href":"https:\/\/mytozdrowie.nl\/bg\/wp-json\/wp\/v2\/types\/page"}],"author":[{"embeddable":true,"href":"https:\/\/mytozdrowie.nl\/bg\/wp-json\/wp\/v2\/users\/1"}],"replies":[{"embeddable":true,"href":"https:\/\/mytozdrowie.nl\/bg\/wp-json\/wp\/v2\/comments?post=357"}],"version-history":[{"count":4,"href":"https:\/\/mytozdrowie.nl\/bg\/wp-json\/wp\/v2\/pages\/357\/revisions"}],"predecessor-version":[{"id":457,"href":"https:\/\/mytozdrowie.nl\/bg\/wp-json\/wp\/v2\/pages\/357\/revisions\/457"}],"wp:attachment":[{"href":"https:\/\/mytozdrowie.nl\/bg\/wp-json\/wp\/v2\/media?parent=357"}],"curies":[{"name":"wp","href":"https:\/\/api.w.org\/{rel}","templated":true}]}}