{"id":328,"date":"2018-08-03T08:47:48","date_gmt":"2018-08-03T06:47:48","guid":{"rendered":"https:\/\/mytozdrowie.nl\/duk\/"},"modified":"2026-04-17T09:37:49","modified_gmt":"2026-04-17T07:37:49","slug":"duk","status":"publish","type":"page","link":"https:\/\/mytozdrowie.nl\/lt\/duk\/","title":{"rendered":"DUK"},"content":{"rendered":"<div class=\"wpb-content-wrapper\"><p>[vc_row][vc_column]<h3 style=\"text-align:left;\" class=\"ts-custom-heading \" >Pirm\u0105 kart\u0105 MTZ laboratorijoje?<\/h3>\n[vc_column_text css=&#8221;&#8221;]MTZ \u2013 \u201eMy To Zdrowie\u201c yra moderni laboratorini\u0173 tyrim\u0173 paslauga Lenkijos pilie\u010diams Nyderlanduose ir Vokietijoje. Si\u016blome greitus kraujo tyrimus be siuntimo ir galimyb\u0119 konsultuotis d\u0117l rezultat\u0173 su Lenkijos gydytoju \u2013 patogiai, saugiai ir be streso.[\/vc_column_text][vc_tta_accordion c_icon=&#8221;chevron&#8221; c_position=&#8221;right&#8221; active_section=&#8221;1&#8243;][vc_tta_section title=&#8221;Ar kraujo tyrimas yra saugus?&#8221; tab_id=&#8221;1775219273583-a706823d-3479&#8243;][vc_column_text css=&#8221;&#8221;]Taip. Bendradarbiaujame tik su profesionaliais kraujo pa\u0117mimo punktais, kurie u\u017etikrina: <\/p>\n<ul>\n<li>sterilum\u0105,<\/li>\n<li>saugum\u0105,<\/li>\n<li>kvalifikuot\u0105 personal\u0105.<\/li>\n<\/ul>\n<p>[\/vc_column_text][\/vc_tta_section][vc_tta_section title=&#8221;Ar galiu atlikti kraujo tyrimus be siuntimo?&#8221; tab_id=&#8221;1525932736882-f6264f15-b5c0&#8243;][vc_column_text css=&#8221;&#8221;]Taip. Si\u016blome priva\u010dius kraujo tyrimus Nyderlanduose (Haga, Boskopas, Helmondas) \ud83c\uddf3\ud83c\uddf1 ir Vokietijoje \ud83c\udde9\ud83c\uddea be gydytojo siuntimo. Tereikia susisiekti su mumis ir pasirinkti tyrimus.[\/vc_column_text][\/vc_tta_section][vc_tta_section title=&#8221;Kaip galiu u\u017esiregistruoti tyrimams?&#8221; tab_id=&#8221;1525932736895-4c35a99e-1554&#8243;][vc_column_text css=&#8221;&#8221;]Galite susisiekti su mumis:<\/p>\n<p>\ud83d\udcde +48 731 107 602<br \/>\n\ud83d\udce7 mtz.mytozdrowie@gmail.com[\/vc_column_text][\/vc_tta_section][vc_tta_section title=&#8221;Ar si\u016blote paruo\u0161tus tyrim\u0173 paketus?&#8221; tab_id=&#8221;1525933113360-dae4a488-f0b7&#8243;][vc_column_text css=&#8221;&#8221;]Taip. Turime plat\u0173 paket\u0173 pasirinkim\u0105, \u012fskaitant: <\/p>\n<ul>\n<li>pagrindinius paketus,<\/li>\n<li>hormoninius,<\/li>\n<li>moterims ir vyrams,<\/li>\n<li>metabolinius,<\/li>\n<li>sporto,<\/li>\n<li>diagnostinius (pvz., skydliauk\u0117s, cukraus).<\/li>\n<\/ul>\n<p>[\/vc_column_text][\/vc_tta_section][vc_tta_section title=&#8221;Kaip atrodo laboratoriniai tyrimai u\u017esienyje?&#8221; tab_id=&#8221;1525932988317-517ad062-c849&#8243;][vc_column_text css=&#8221;&#8221;]Tyrimai atliekami patikrintuose kraujo pa\u0117mimo punktuose Nyderlanduose ir Vokietijoje. Procesas atrodo taip: <\/p>\n<ol>\n<li>Pasirenkate tyrimus arba paket\u0105.<\/li>\n<li>Suderiname dat\u0105.<\/li>\n<li>Krauj\u0105 priduodate kraujo pa\u0117mimo punkte.<\/li>\n<li>Rezultatus gaunate internetu.<\/li>\n<\/ol>\n<p>[\/vc_column_text][\/vc_tta_section][vc_tta_section title=&#8221;Ar galiu konsultuotis d\u0117l rezultat\u0173 su gydytoju?&#8221; tab_id=&#8221;1525933131215-fe810ce0-7b7a&#8221;][vc_column_text css=&#8221;&#8221;]Taip. Si\u016blome tyrim\u0173 rezultat\u0173 analiz\u0119 su Lenkijos gydytoju telekonsultacijos forma. Gydytojas:  <\/p>\n<ul>\n<li>paai\u0161kins rezultatus,<\/li>\n<li>nurodys galimus nukrypimus,<\/li>\n<li>patars d\u0117l tolesni\u0173 veiksm\u0173.<\/li>\n<\/ul>\n<p>[\/vc_column_text][\/vc_tta_section][vc_tta_section title=&#8221;Ar telekonsultacija yra privaloma ir kiek ji kainuoja?&#8221; tab_id=&#8221;1775219323223-33a98100-a1b1&#8243;][vc_column_text css=&#8221;&#8221;]Telekonsultacija n\u0117ra privaloma. Galite atlikti tik tyrimus arba papildomai pasinaudoti konsultacija su gydytoju \u2013 tai galimyb\u0117 tiems, kurie nori nuodugniai suprasti savo rezultatus. Kaina 30 \u20ac.[\/vc_column_text][\/vc_tta_section][vc_tta_section title=&#8221;Kaip greitai ir kokiu b\u016bdu gausiu rezultatus?&#8221; tab_id=&#8221;1525933066792-8a3000ec-c559&#8243;][vc_column_text css=&#8221;&#8221;]Dauguma rezultat\u0173 pasiekiami net per 24 valandas. Sud\u0117tingesni\u0173 tyrim\u0173 atveju laikas gali b\u016bti \u0161iek tiek ilgesnis. Rezultatus gausite internetu.[\/vc_column_text][\/vc_tta_section][\/vc_tta_accordion][\/vc_column][\/vc_row]<\/p>\n<\/div>","protected":false},"excerpt":{"rendered":"<p>[vc_row][vc_column][vc_column_text css=&#8221;&#8221;]MTZ \u2013 \u201eMy To Zdrowie\u201c yra moderni laboratorini\u0173 tyrim\u0173 paslauga Lenkijos pilie\u010diams Nyderlanduose ir Vokietijoje. Si\u016blome greitus kraujo tyrimus be siuntimo ir galimyb\u0119 konsultuotis d\u0117l rezultat\u0173 su Lenkijos gydytoju \u2013 patogiai, saugiai ir be streso.[\/vc_column_text][vc_tta_accordion c_icon=&#8221;chevron&#8221; c_position=&#8221;right&#8221; active_section=&#8221;1&#8243;][vc_tta_section title=&#8221;Ar kraujo tyrimas yra saugus?&#8221; tab_id=&#8221;1775219273583-a706823d-3479&#8243;][vc_column_text css=&#8221;&#8221;]Taip. Bendradarbiaujame tik su profesionaliais kraujo pa\u0117mimo punktais, kurie u\u017etikrina: &hellip; <a href=\"https:\/\/mytozdrowie.nl\/lt\/duk\/\" class=\"more-link\" title=\"Continue reading <span class=\"screen-reader-text\">DUK<\/span>&#8222;>Continue reading <span class=\"screen-reader-text\">DUK<\/span><\/a><\/p>\n","protected":false},"author":1,"featured_media":0,"parent":0,"menu_order":17,"comment_status":"closed","ping_status":"closed","template":"","meta":{"footnotes":""},"class_list":["post-328","page","type-page","status-publish","hentry"],"_links":{"self":[{"href":"https:\/\/mytozdrowie.nl\/lt\/wp-json\/wp\/v2\/pages\/328","targetHints":{"allow":["GET"]}}],"collection":[{"href":"https:\/\/mytozdrowie.nl\/lt\/wp-json\/wp\/v2\/pages"}],"about":[{"href":"https:\/\/mytozdrowie.nl\/lt\/wp-json\/wp\/v2\/types\/page"}],"author":[{"embeddable":true,"href":"https:\/\/mytozdrowie.nl\/lt\/wp-json\/wp\/v2\/users\/1"}],"replies":[{"embeddable":true,"href":"https:\/\/mytozdrowie.nl\/lt\/wp-json\/wp\/v2\/comments?post=328"}],"version-history":[{"count":4,"href":"https:\/\/mytozdrowie.nl\/lt\/wp-json\/wp\/v2\/pages\/328\/revisions"}],"predecessor-version":[{"id":590,"href":"https:\/\/mytozdrowie.nl\/lt\/wp-json\/wp\/v2\/pages\/328\/revisions\/590"}],"wp:attachment":[{"href":"https:\/\/mytozdrowie.nl\/lt\/wp-json\/wp\/v2\/media?parent=328"}],"curies":[{"name":"wp","href":"https:\/\/api.w.org\/{rel}","templated":true}]}}