{"id":396,"date":"2018-08-03T08:06:05","date_gmt":"2018-08-03T06:06:05","guid":{"rendered":"https:\/\/mytozdrowie.nl\/apie-mus\/"},"modified":"2026-04-15T08:48:40","modified_gmt":"2026-04-15T06:48:40","slug":"apie-mus","status":"publish","type":"page","link":"https:\/\/mytozdrowie.nl\/lt\/apie-mus\/","title":{"rendered":"Apie mus"},"content":{"rendered":"<div class=\"wpb-content-wrapper\"><p>[vc_row full_width=&#8221;stretch_row&#8221; el_class=&#8221;ts-column-pad-0&#8243; css=&#8221;.vc_custom_1535171682818{padding-bottom: 50px !important;}&#8221; ts_responsive_css=&#8221;69022376|colbreak_yes|||||||||colbreak_no|||||||||colbreak_no||||||||||colbreak_no|||||||||&#8221;][vc_column width=&#8221;1\/2&#8243; css=&#8221;.vc_custom_1533536933706{padding-right: 15% !important;}&#8221;]<div class=\"ts-element-heading-wrapper ts-heading-inner ts-element-align-left ts-seperator-none  vc_custom_1775464246212\"><section class=\"ts-vc_cta3-container\"><div class=\"ts-vc_general ts-vc_cta3 ts-cta3-only ts-vc_cta3-style-classic ts-vc_cta3-shape-rounded ts-vc_cta3-align-left ts-vc_cta3-color-transparent ts-vc_cta3-icon-size-md ts-vc_cta3-actions-no ts-cta3-with-desc\"><div class=\"ts-vc_cta3_content-container\"><div class=\"ts-vc_cta3-content\"><div class=\"ts-vc_cta3-content-header ts-wrap\"><div class=\"ts-vc_cta3-headers ts-wrap-cell\"><h2 class=\"ts-custom-heading \" >PIERWSZE POLSKIE<br \/>\nPUNKTY POBRA\u0143 KRWI W HOLANDII<\/h2>\n<\/div><\/div><div class=\"ts-cta3-content-wrapper\"><p>Jeste\u015bmy jedynym polskim punktem pobra\u0144 krwi w Holandii. Tworzymy to miejsce z my\u015bl\u0105 o Polakach mieszkaj\u0105cych w Holandii \u2013 aby mogli wykona\u0107 badania w swoim j\u0119zyku, bez straty czasu i nieporozumie\u0144.<\/p><\/div><\/div><\/div><\/div><\/section><\/div> <!-- .ts-element-heading-wrapper container --> [vc_column_text]Mes jumis visapusi\u0161kai pasir\u016bpinsime \u2013 m\u016bs\u0173 patyrusi\u0173 gydytoj\u0173 komanda patars, kokius tyrimus tur\u0117tum\u0117te atlikti, medicinos asistent\u0117 pad\u0117s i\u0161sirinkti tinkam\u0105 paket\u0105, o sertifikuota slaugytoja paims krauj\u0105. Rezultatus gausite jau kit\u0105 dien\u0105! Jums nebereik\u0117s vykti \u012f Lenkij\u0105, kad pasitikrintum\u0117te.[\/vc_column_text][\/vc_column][vc_column ts_bgcolor=&#8221;skincolor&#8221; width=&#8221;1\/2&#8243; ts_responsive_css=&#8221;69486073|colbreak_no|||||15||||colbreak_no|||||||||colbreak_no||||||||||colbreak_no|||||||||&#8221;][vc_single_image image=&#8221;397&#8243; img_size=&#8221;full&#8221; css=&#8221;&#8221;][vc_row_inner css=&#8221;.vc_custom_1534659427495{padding-right: 50px !important;padding-bottom: 10px !important;padding-left: 50px !important;}&#8221;][vc_column_inner width=&#8221;1\/2&#8243;]<h4 style=\"text-align:left;\" class=\"ts-custom-heading \" >DARBO LAIKAS IR KAINORA\u0160TIS<\/h4>\n<p style=\"text-align:left;\" class=\"ts-custom-heading \" >Kvie\u010diame \u2013 registruokit\u0117s jau \u0161iandien!<\/p>\n[\/vc_column_inner][vc_column_inner width=&#8221;1\/2&#8243;]\r\n\t\t<div class=\"ts-vc_btn3-container  ts-btn-align-left-767 ts-vc_btn3-right\"><a class=\"ts-vc_general ts-vc_btn3 ts-vc_btn3-size-md ts-vc_btn3-shape-square ts-vc_btn3-style-flat ts-vc_btn3-weight-no ts-vc_btn3-color-white\" href=\"\/kontakt\/\" title=\"\">PER\u017dI\u016aR\u0116TI PASI\u016aLYM\u0104<\/a><\/div>[\/vc_column_inner][\/vc_row_inner][\/vc_column][\/vc_row][vc_row full_width=&#8221;stretch_row&#8221; el_class=&#8221;ts-column-pad-0&#8243; css=&#8221;.vc_custom_1533893514163{padding-top: 0px !important;padding-bottom: 40px !important;}&#8221;][vc_column width=&#8221;1\/2&#8243; css=&#8221;.vc_custom_1775464296489{margin-top: -100px !important;padding-right: 15% !important;}&#8221; ts_responsive_css=&#8221;67218138|colbreak_no|0||||||||colbreak_no|||||||||colbreak_no||||||||||colbreak_no|||||||||&#8221;][vc_single_image image=&#8221;398&#8243; img_size=&#8221;497*538&#8243; css=&#8221;&#8221;][\/vc_column][vc_column width=&#8221;1\/2&#8243;]<div class=\"ts-element-heading-wrapper ts-heading-inner ts-element-align-left ts-seperator-none \"><section class=\"ts-vc_cta3-container\"><div class=\"ts-vc_general ts-vc_cta3 ts-cta3-only ts-vc_cta3-style-classic ts-vc_cta3-shape-rounded ts-vc_cta3-align-left ts-vc_cta3-color-transparent ts-vc_cta3-icon-size-md ts-vc_cta3-actions-no ts-cta3-without-desc\"><div class=\"ts-vc_cta3_content-container\"><div class=\"ts-vc_cta3-content\"><div class=\"ts-vc_cta3-content-header ts-wrap\"><div class=\"ts-vc_cta3-headers ts-wrap-cell\"><h2 class=\"ts-custom-heading \" >DLACZEGO WARTO<br \/>\nNAM ZAUFA\u0106?<\/h2>\n<\/div><\/div><\/div><\/div><\/div><\/section><\/div> <!-- .ts-element-heading-wrapper container --> [vc_column_text]Suprantame, kad renkantis tyrim\u0173 punkt\u0105 svarbiausia yra profesionalumas, rezultat\u0173 tikslumas, saugumas ir pasitik\u0117jimas. Tod\u0117l mes laikom\u0117s auk\u0161\u010diausi\u0173 aptarnavimo ir kokyb\u0117s standart\u0173. Bendradarbiaujame su viena geriausi\u0173 Lenkijos laboratorij\u0173, turin\u010dia ISO sertifikat\u0105 \u2013 visi tyrimai atliekami naudojant auk\u0161\u010diausios klas\u0117s \u012frang\u0105 pasaulyje.[\/vc_column_text][vc_row_inner el_class=&#8221;ts-fid-sep&#8221;][vc_column_inner width=&#8221;1\/3&#8243;]\r\n\r\n<div class=\"ts-fid inside ts-fid-boxstyle-without-icon ts-fidbox-style-3\">\r\n\t<div class=\"ts-fld-contents\">\r\n\t\t<h3 class=\"ts-fid-inner\">\r\n\t\t\t\t\t\t<span\r\n\t\t\t\tdata-appear-animation = \"animateDigits\"\r\n\t\t\t\tdata-from             = \"0\"\r\n\t\t\t\tdata-to               = \"36\"\r\n\t\t\t\tdata-interval         = \"5\"\r\n\t\t\t\t>\r\n\t\t\t\t\t36\t\t\t<\/span>\r\n\t\t\t\t\t<\/h3>\r\n\t\t<h6 class=\"ts-fid-title\"><span>REZULTATAI PER KELIAS VALANDAS<br><\/span><\/h6>\r\n\t<\/div><!-- .ts-fld-contents -->\r\n<\/div>\r\n\r\n\r\n\r\n[\/vc_column_inner][vc_column_inner width=&#8221;1\/3&#8243;]\r\n\r\n<div class=\"ts-fid inside ts-fid-boxstyle-without-icon ts-fidbox-style-3\">\r\n\t<div class=\"ts-fld-contents\">\r\n\t\t<h3 class=\"ts-fid-inner\">\r\n\t\t\t\t\t\t<span\r\n\t\t\t\tdata-appear-animation = \"animateDigits\"\r\n\t\t\t\tdata-from             = \"0\"\r\n\t\t\t\tdata-to               = \"4\"\r\n\t\t\t\tdata-interval         = \"5\"\r\n\t\t\t\t>\r\n\t\t\t\t\t4\t\t\t<\/span>\r\n\t\t\t\t\t<\/h3>\r\n\t\t<h6 class=\"ts-fid-title\"><span>APTARNAVIMO KALBOS<br><\/span><\/h6>\r\n\t<\/div><!-- .ts-fld-contents -->\r\n<\/div>\r\n\r\n\r\n\r\n[\/vc_column_inner][vc_column_inner width=&#8221;1\/3&#8243;]\r\n\r\n<div class=\"ts-fid inside ts-fid-boxstyle-without-icon ts-fidbox-style-3\">\r\n\t<div class=\"ts-fld-contents\">\r\n\t\t<h3 class=\"ts-fid-inner\">\r\n\t\t\t\t\t\t<span\r\n\t\t\t\tdata-appear-animation = \"animateDigits\"\r\n\t\t\t\tdata-from             = \"0\"\r\n\t\t\t\tdata-to               = \"30\"\r\n\t\t\t\tdata-interval         = \"5\"\r\n\t\t\t\t>\r\n\t\t\t\t\t30\t\t\t<\/span>\r\n\t\t\t\t\t<\/h3>\r\n\t\t<h6 class=\"ts-fid-title\"><span>TYRIM\u0172 PAKETAI<br><\/span><\/h6>\r\n\t<\/div><!-- .ts-fld-contents -->\r\n<\/div>\r\n\r\n\r\n\r\n[\/vc_column_inner][\/vc_row_inner][\/vc_column][\/vc_row][vc_row ts_bgcolor=&#8221;grey&#8221; full_width=&#8221;stretch_row&#8221; css=&#8221;.vc_custom_1533285607880{padding-bottom: 100px !important;}&#8221;][vc_column]<div class=\"ts-element-heading-wrapper ts-heading-inner ts-element-align-center ts-seperator-none \"><section class=\"ts-vc_cta3-container\"><div class=\"ts-vc_general ts-vc_cta3 ts-cta3-only ts-vc_cta3-style-classic ts-vc_cta3-shape-rounded ts-vc_cta3-align-center ts-vc_cta3-color-transparent ts-vc_cta3-icon-size-md ts-vc_cta3-actions-no ts-cta3-without-desc\"><div class=\"ts-vc_cta3_content-container\"><div class=\"ts-vc_cta3-content\"><div class=\"ts-vc_cta3-content-header ts-wrap\"><div class=\"ts-vc_cta3-headers ts-wrap-cell\"><h2 class=\"ts-custom-heading \" >NASZE PAKIETY BADA\u0143<br \/>\nDOPASOWANE DO TWOICH POTRZEB<\/h2>\n<\/div><\/div><\/div><\/div><\/div><\/section><\/div> <!-- .ts-element-heading-wrapper container --> [vc_row_inner][vc_column_inner width=&#8221;1\/3&#8243;]\r\n\r\n<div class=\"ts-ihbox ts-ihbox-style-3 ts-ihbox-itype-icon \">\r\n\t<div class=\"ts-sbox-bgimage-layer ts-bgimage-layer\"><\/div>\r\n\t<div class=\"ts-ihbox-wrapper-bg-layer ts-bg-layer\"><\/div>\r\n\t\r\n\t<div class=\"ts-ihbox-inner\">\r\n\t\t<div class=\"ts-ihbox-icon ts-large-icon ts-icon-skincolor\">\r\n\t\t\t<div class=\"ts-ihbox-icon-wrapper\"><i class=\"ts-labtechco-business-icon ts-labtechco-business-icon-microscope-2\"><\/i><\/div>\t\t<\/div>\r\n\r\n\t\t<div class=\"ts-ihbox-contents\">\r\n\t\t\t<div class=\"ts-vc_general ts-vc_cta3 ts-cta3-only ts-vc_cta3-style-classic ts-vc_cta3-shape-rounded ts-vc_cta3-align-left ts-vc_cta3-color-transparent ts-vc_cta3-icon-size-md ts-vc_cta3-actions-no ts-cta3-with-desc\"><div class=\"ts-vc_cta3_content-container\"><div class=\"ts-vc_cta3-content\"><div class=\"ts-vc_cta3-content-header ts-wrap\"><div class=\"ts-vc_cta3-headers ts-wrap-cell\"><h2 class=\"ts-custom-heading \">PAKIETY DLA SPORTOWC\u00d3W I KULTURYST\u00d3W<\/h2>\n<\/div><\/div><div class=\"ts-cta3-content-wrapper\"> <\/div><\/div><\/div><\/div>\t\t\t<div class=\"ts-cta3-content-wrapper\">Hormon\u0173, fizinio paj\u0117gumo ir atsistatymo parametr\u0173 kontrol\u0117. Paketus sudar\u0117 patyrusi\u0173 gydytoj\u0173 specialist\u0173 komanda. <\/div>\t\t\t\t\t<\/div><!-- .ts-ihbox-contents -->\r\n\t<\/div>\r\n<\/div>\r\n\r\n\r\n\r\n[\/vc_column_inner][vc_column_inner width=&#8221;1\/3&#8243;]\r\n\r\n<div class=\"ts-ihbox ts-ihbox-style-3 ts-ihbox-itype-icon \">\r\n\t<div class=\"ts-sbox-bgimage-layer ts-bgimage-layer\"><\/div>\r\n\t<div class=\"ts-ihbox-wrapper-bg-layer ts-bg-layer\"><\/div>\r\n\t\r\n\t<div class=\"ts-ihbox-inner\">\r\n\t\t<div class=\"ts-ihbox-icon ts-large-icon ts-icon-skincolor\">\r\n\t\t\t<div class=\"ts-ihbox-icon-wrapper\"><i class=\"ts-labtechco-business-icon ts-labtechco-business-icon-bacteria\"><\/i><\/div>\t\t<\/div>\r\n\r\n\t\t<div class=\"ts-ihbox-contents\">\r\n\t\t\t<div class=\"ts-vc_general ts-vc_cta3 ts-cta3-only ts-vc_cta3-style-classic ts-vc_cta3-shape-rounded ts-vc_cta3-align-left ts-vc_cta3-color-transparent ts-vc_cta3-icon-size-md ts-vc_cta3-actions-no ts-cta3-with-desc\"><div class=\"ts-vc_cta3_content-container\"><div class=\"ts-vc_cta3-content\"><div class=\"ts-vc_cta3-content-header ts-wrap\"><div class=\"ts-vc_cta3-headers ts-wrap-cell\"><h2 class=\"ts-custom-heading \">PAKIETY ROZSZERZONE I DEDYKOWANE<\/h2>\n<\/div><\/div><div class=\"ts-cta3-content-wrapper\"> <\/div><\/div><\/div><\/div>\t\t\t<div class=\"ts-cta3-content-wrapper\">I\u0161sami diagnostika: diabetas, anemija, skydliauk\u0117, kepenys, kasa, inkstai, vitaminai. Specializuoti paketai moterims, vyrams, planuojan\u010dioms n\u0117\u0161tum\u0105 ir vartojan\u010dioms kontraceptikus. <\/div>\t\t\t\t\t<\/div><!-- .ts-ihbox-contents -->\r\n\t<\/div>\r\n<\/div>\r\n\r\n\r\n\r\n[\/vc_column_inner][vc_column_inner width=&#8221;1\/3&#8243;]\r\n\r\n<div class=\"ts-ihbox ts-ihbox-style-3 ts-ihbox-itype-icon \">\r\n\t<div class=\"ts-sbox-bgimage-layer ts-bgimage-layer\"><\/div>\r\n\t<div class=\"ts-ihbox-wrapper-bg-layer ts-bg-layer\"><\/div>\r\n\t\r\n\t<div class=\"ts-ihbox-inner\">\r\n\t\t<div class=\"ts-ihbox-icon ts-large-icon ts-icon-skincolor\">\r\n\t\t\t<div class=\"ts-ihbox-icon-wrapper\"><i class=\"ts-labtechco-business-icon ts-labtechco-business-icon-flask\"><\/i><\/div>\t\t<\/div>\r\n\r\n\t\t<div class=\"ts-ihbox-contents\">\r\n\t\t\t<div class=\"ts-vc_general ts-vc_cta3 ts-cta3-only ts-vc_cta3-style-classic ts-vc_cta3-shape-rounded ts-vc_cta3-align-left ts-vc_cta3-color-transparent ts-vc_cta3-icon-size-md ts-vc_cta3-actions-no ts-cta3-with-desc\"><div class=\"ts-vc_cta3_content-container\"><div class=\"ts-vc_cta3-content\"><div class=\"ts-vc_cta3-content-header ts-wrap\"><div class=\"ts-vc_cta3-headers ts-wrap-cell\"><h2 class=\"ts-custom-heading \">ALERGIE I MARKERY NOWOTWOROWE<\/h2>\n<\/div><\/div><div class=\"ts-cta3-content-wrapper\"> <\/div><\/div><\/div><\/div>\t\t\t<div class=\"ts-cta3-content-wrapper\">Da\u017eniausi\u0173 maisto ir \u012fkvepiam\u0173 alergen\u0173 diagnostika bei profilaktin\u0117 v\u0117\u017eio \u017eymen\u0173 kontrol\u0117. Ankstyvas aptikimas yra geriausia apsauga. <\/div>\t\t\t\t\t<\/div><!-- .ts-ihbox-contents -->\r\n\t<\/div>\r\n<\/div>\r\n\r\n\r\n\r\n[\/vc_column_inner][\/vc_row_inner][\/vc_column][\/vc_row][vc_row ts_bgcolor=&#8221;skincolor&#8221; full_width=&#8221;stretch_row&#8221;][vc_column][vc_row_inner][vc_column_inner width=&#8221;1\/3&#8243;]<div class=\"themestek-progress-bar vc_progress_bar wpb_content_element vc_progress-bar-color-white vc_progress-bar-color-white\"><div class=\"ts-pbar-single-bar-w ts-pbar-icon-false\"><div class=\"vc_general vc_single_bar\"><small class=\"vc_label\"> CERTYFIKOWANY PERSONEL<\/small> <span class=\"ts-vc_label_units vc_label_units\">100%<\/span><span class=\"vc_bar \" data-percentage-value=\"100\" data-value=\"100\"><\/span><\/div><\/div><\/div>[vc_column_text]Krauj\u0105 paima sertifikuota slaugytoja, \u012fra\u0161yta \u012f Nyderland\u0173 BIG medicinos darbuotoj\u0173 registr\u0105. Visi\u0161kas saugumas ir profesionalumas.[\/vc_column_text][\/vc_column_inner][vc_column_inner width=&#8221;1\/3&#8243;]<div class=\"themestek-progress-bar vc_progress_bar wpb_content_element vc_progress-bar-color-white vc_progress-bar-color-white\"><div class=\"ts-pbar-single-bar-w ts-pbar-icon-false\"><div class=\"vc_general vc_single_bar\"><small class=\"vc_label\">KONSULTACJA LEKARSKA<\/small> <span class=\"ts-vc_label_units vc_label_units\">100%<\/span><span class=\"vc_bar \" data-percentage-value=\"100\" data-value=\"100\"><\/span><\/div><\/div><\/div>[vc_column_text]Galimyb\u0117 konsultuotis su Lenkijos gydytoju prie\u0161 ir po tyrim\u0173. Kontroliuojantis gydytojas pri\u017ei\u016bri tyrim\u0173 pasirinkim\u0105 ir rezultat\u0173 interpretavim\u0105.[\/vc_column_text][\/vc_column_inner][vc_column_inner width=&#8221;1\/3&#8243;]<div class=\"themestek-progress-bar vc_progress_bar wpb_content_element vc_progress-bar-color-white vc_progress-bar-color-white\"><div class=\"ts-pbar-single-bar-w ts-pbar-icon-false\"><div class=\"vc_general vc_single_bar\"><small class=\"vc_label\"> LABORATORIUM ISO<\/small> <span class=\"ts-vc_label_units vc_label_units\">100%<\/span><span class=\"vc_bar \" data-percentage-value=\"100\" data-value=\"100\"><\/span><\/div><\/div><\/div>[vc_column_text]Bendradarbiaujame su viena geriausi\u0173 Lenkijos laboratorij\u0173, turin\u010dia ISO sertifikat\u0105. \u017dinomos \u012fmon\u0117s m\u0117gintuv\u0117liai garantuoja auk\u0161\u010diausi\u0105 rezultat\u0173 tikslum\u0105.[\/vc_column_text][\/vc_column_inner][\/vc_row_inner][\/vc_column][\/vc_row][vc_row full_width=&#8221;stretch_row&#8221;][vc_column]<div class=\"themestek-boxes themestek-boxes-testimonial themestek-boxes-element-testimonial-style-2 themestek-boxes-view-carousel themestek-boxes-col-one themestek-boxes-sortable-no themestek-boxes-textalign-center themestek-boxes-sortablebutton- ts-boxes-carousel-arrows-1\" data-ts-speed=\"1500\" data-ts-autoplay=\"1\" data-ts-autoplayspeed=\"4500\" data-ts-loop=\"1\" data-ts-dots=\"0\" data-ts-nav=\"1\" data-ts-centermode=\"0\" data-ts-pauseonfocus=\"1\" data-ts-pauseonhover=\"1\" data-ts-slidestoscroll=\"column\" data-ts-effecttype=\"slide\">\r\n\t\t<div class=\"themestek-boxes-inner themestek-boxes-testimonial-inner \"><div class=\"themestek-box-heading-wrapper ts-element-align-center\"><div class=\"ts-element-heading-wrapper ts-heading-inner ts-element-align-center ts-seperator-none \"><section class=\"ts-vc_cta3-container\"><div class=\"ts-vc_general ts-vc_cta3 ts-cta3-only ts-vc_cta3-style-classic ts-vc_cta3-shape-rounded ts-vc_cta3-align-center ts-vc_cta3-color-transparent ts-vc_cta3-icon-size-md ts-vc_cta3-actions-no ts-cta3-with-desc\"><div class=\"ts-vc_cta3_content-container\"><div class=\"ts-vc_cta3-content\"><div class=\"ts-vc_cta3-content-header ts-wrap\"><div class=\"ts-vc_cta3-headers ts-wrap-cell\"><h2 class=\"ts-custom-heading \" ><a href=\"\">CO M\u00d3WI\u0104 NASI PACJENCI<\/a><\/h2>\n<\/div><\/div><div class=\"ts-cta3-content-wrapper\"><p><a href=\"https:\/\/www.facebook.com\/profile.php?id=61584200886714&amp;sk=reviews\">Per\u017ei\u016br\u0117ti kitus atsiliepimus<\/a><\/p><\/div><\/div><\/div><\/div><\/section><\/div> <!-- .ts-element-heading-wrapper container --> <\/div> <!-- .ts-element-heading-wrapper container --> <\/div><!-- .themestek-boxes-inner -->   <\/div><!-- .themestek-boxes -->  [\/vc_column][\/vc_row]<\/p>\n<\/div>","protected":false},"excerpt":{"rendered":"<p>[vc_row full_width=&#8221;stretch_row&#8221; el_class=&#8221;ts-column-pad-0&#8243; css=&#8221;.vc_custom_1535171682818{padding-bottom: 50px !important;}&#8221; ts_responsive_css=&#8221;69022376|colbreak_yes|||||||||colbreak_no|||||||||colbreak_no||||||||||colbreak_no|||||||||&#8221;][vc_column width=&#8221;1\/2&#8243; css=&#8221;.vc_custom_1533536933706{padding-right: 15% !important;}&#8221;][vc_column_text]Mes jumis visapusi\u0161kai pasir\u016bpinsime \u2013 m\u016bs\u0173 patyrusi\u0173 gydytoj\u0173 komanda patars, kokius tyrimus tur\u0117tum\u0117te atlikti, medicinos asistent\u0117 pad\u0117s i\u0161sirinkti tinkam\u0105 paket\u0105, o sertifikuota slaugytoja paims krauj\u0105. Rezultatus gausite jau kit\u0105 dien\u0105! Jums nebereik\u0117s vykti \u012f Lenkij\u0105, kad pasitikrintum\u0117te.[\/vc_column_text][\/vc_column][vc_column ts_bgcolor=&#8221;skincolor&#8221; width=&#8221;1\/2&#8243; ts_responsive_css=&#8221;69486073|colbreak_no|||||15||||colbreak_no|||||||||colbreak_no||||||||||colbreak_no|||||||||&#8221;][vc_single_image image=&#8221;397&#8243; img_size=&#8221;full&#8221; css=&#8221;&#8221;][vc_row_inner css=&#8221;.vc_custom_1534659427495{padding-right: 50px &hellip; <a href=\"https:\/\/mytozdrowie.nl\/lt\/apie-mus\/\" class=\"more-link\" title=\"Continue reading <span class=\"screen-reader-text\">Apie mus<\/span>&#8222;>Continue reading <span class=\"screen-reader-text\">Apie mus<\/span><\/a><\/p>\n","protected":false},"author":1,"featured_media":0,"parent":0,"menu_order":14,"comment_status":"closed","ping_status":"closed","template":"","meta":{"footnotes":""},"class_list":["post-396","page","type-page","status-publish","hentry"],"_links":{"self":[{"href":"https:\/\/mytozdrowie.nl\/lt\/wp-json\/wp\/v2\/pages\/396","targetHints":{"allow":["GET"]}}],"collection":[{"href":"https:\/\/mytozdrowie.nl\/lt\/wp-json\/wp\/v2\/pages"}],"about":[{"href":"https:\/\/mytozdrowie.nl\/lt\/wp-json\/wp\/v2\/types\/page"}],"author":[{"embeddable":true,"href":"https:\/\/mytozdrowie.nl\/lt\/wp-json\/wp\/v2\/users\/1"}],"replies":[{"embeddable":true,"href":"https:\/\/mytozdrowie.nl\/lt\/wp-json\/wp\/v2\/comments?post=396"}],"version-history":[{"count":2,"href":"https:\/\/mytozdrowie.nl\/lt\/wp-json\/wp\/v2\/pages\/396\/revisions"}],"predecessor-version":[{"id":405,"href":"https:\/\/mytozdrowie.nl\/lt\/wp-json\/wp\/v2\/pages\/396\/revisions\/405"}],"wp:attachment":[{"href":"https:\/\/mytozdrowie.nl\/lt\/wp-json\/wp\/v2\/media?parent=396"}],"curies":[{"name":"wp","href":"https:\/\/api.w.org\/{rel}","templated":true}]}}