{"id":365,"date":"2018-08-03T08:47:48","date_gmt":"2018-08-03T06:47:48","guid":{"rendered":"https:\/\/mytozdrowie.nl\/intrebari-frecvente\/"},"modified":"2026-04-15T08:51:25","modified_gmt":"2026-04-15T06:51:25","slug":"intrebari-frecvente","status":"publish","type":"page","link":"https:\/\/mytozdrowie.nl\/ro\/intrebari-frecvente\/","title":{"rendered":"\u00centreb\u0103ri frecvente"},"content":{"rendered":"<div class=\"wpb-content-wrapper\"><p>[vc_row][vc_column]<h3 style=\"text-align:left;\" class=\"ts-custom-heading \" >Pierwszy raz w laboratorium MTZ?<\/h3>\n[vc_column_text css=&#8221;&#8221;]MTZ \u2013 My To Zdrowie este un serviciu modern de analize de laborator pentru polonezii din Olanda \u0219i Germania. Oferim analize de s\u00e2nge rapide f\u0103r\u0103 trimitere \u0219i posibilitatea de a consulta rezultatele cu un medic polonez \u2013 convenabil, sigur \u0219i f\u0103r\u0103 stres.[\/vc_column_text][vc_tta_accordion c_icon=&#8221;chevron&#8221; c_position=&#8221;right&#8221; active_section=&#8221;1&#8243;][vc_tta_section title=&#8221;Este sigur\u0103 analiza de s\u00e2nge?&#8221; tab_id=&#8221;1775219273583-a706823d-3479&#8243;][vc_column_text css=&#8221;&#8221;]Da. Colabor\u0103m exclusiv cu puncte de recoltare profesionale, care asigur\u0103:<\/p>\n<ul>\n<li>sterilitate,<\/li>\n<li>siguran\u021b\u0103,<\/li>\n<li>personal calificat.<\/li>\n<\/ul>\n<p>[\/vc_column_text][\/vc_tta_section][vc_tta_section title=&#8221;Pot face analize de s\u00e2nge f\u0103r\u0103 trimitere?&#8221; tab_id=&#8221;1525932736882-f6264f15-b5c0&#8243;][vc_column_text css=&#8221;&#8221;]Da. Oferim analize de s\u00e2nge private \u00een Olanda (Haga, Boskoop, Helmond) \ud83c\uddf3\ud83c\uddf1 \u0219i Germania \ud83c\udde9\ud83c\uddea f\u0103r\u0103 trimitere de la medic. Trebuie doar s\u0103 ne contactezi \u0219i s\u0103 alegi analizele.[\/vc_column_text][\/vc_tta_section][vc_tta_section title=&#8221;Cum pot programa o programare pentru analize?&#8221; tab_id=&#8221;1525932736895-4c35a99e-1554&#8243;][vc_column_text css=&#8221;&#8221;]Po\u021bi s\u0103 ne contactezi:<\/p>\n<p>\ud83d\udcde +48 731 107 602<br \/>\n\ud83d\udce7 mtz.mytozdrowie@gmail.com[\/vc_column_text][\/vc_tta_section][vc_tta_section title=&#8221;Oferi\u021bi pachete de analize gata f\u0103cute?&#8221; tab_id=&#8221;1525933113360-dae4a488-f0b7&#8243;][vc_column_text css=&#8221;&#8221;]Da. Avem o gam\u0103 larg\u0103 de pachete, printre care:<\/p>\n<ul>\n<li>pachete de baz\u0103,<\/li>\n<li>hormonale,<\/li>\n<li>pentru femei \u0219i b\u0103rba\u021bi,<\/li>\n<li>metabolice,<\/li>\n<li>sportive,<\/li>\n<li>de diagnostic (de ex. tiroid\u0103, zah\u0103r).<\/li>\n<\/ul>\n<p>[\/vc_column_text][\/vc_tta_section][vc_tta_section title=&#8221;Cum arat\u0103 analizele de laborator \u00een str\u0103in\u0103tate?&#8221; tab_id=&#8221;1525932988317-517ad062-c849&#8243;][vc_column_text css=&#8221;&#8221;]Analizele sunt efectuate \u00een puncte de recoltare verificate din Olanda \u0219i Germania. Procesul arat\u0103 astfel:<\/p>\n<ol>\n<li>Alegi analizele sau pachetul.<\/li>\n<li>Stabilim data program\u0103rii.<\/li>\n<li>Dai s\u00e2nge la punctul de recoltare.<\/li>\n<li>Prime\u0219ti rezultatele online.<\/li>\n<\/ol>\n<p>[\/vc_column_text][\/vc_tta_section][vc_tta_section title=&#8221;Pot consulta rezultatele cu un medic?&#8221; tab_id=&#8221;1525933131215-fe810ce0-7b7a&#8221;][vc_column_text css=&#8221;&#8221;]Da. Oferim analiza rezultatelor cu un medic polonez sub form\u0103 de teleconsulta\u021bie. Medicul:<\/p>\n<ul>\n<li>va explica rezultatele,<\/li>\n<li>va indica eventualele anomalii,<\/li>\n<li>va recomanda pa\u0219ii urm\u0103tori.<\/li>\n<\/ul>\n<p>[\/vc_column_text][\/vc_tta_section][vc_tta_section title=&#8221;Este teleconsulta\u021bia obligatorie \u0219i c\u00e2t cost\u0103?&#8221; tab_id=&#8221;1775219323223-33a98100-a1b1&#8243;][vc_column_text css=&#8221;&#8221;]Teleconsulta\u021bia nu este obligatorie. Po\u021bi face doar analizele sau \u00een plus s\u0103 beneficiezi de consulta\u021bie cu medicul \u2013 este o op\u021biune pentru persoanele care vor s\u0103 \u00een\u021beleag\u0103 \u00een detaliu rezultatele lor. Costul este de 30 \u20ac.[\/vc_column_text][\/vc_tta_section][vc_tta_section title=&#8221;C\u00e2t de repede \u0219i cum voi primi rezultatele?&#8221; tab_id=&#8221;1525933066792-8a3000ec-c559&#8243;][vc_column_text css=&#8221;&#8221;]Majoritatea rezultatelor sunt disponibile chiar \u00een 24 de ore. \u00cen cazul analizelor mai complexe, timpul poate fi pu\u021bin mai lung. Vei primi rezultatele online.[\/vc_column_text][\/vc_tta_section][\/vc_tta_accordion][\/vc_column][\/vc_row]<\/p>\n<\/div>","protected":false},"excerpt":{"rendered":"<p>[vc_row][vc_column][vc_column_text css=&#8221;&#8221;]MTZ \u2013 My To Zdrowie este un serviciu modern de analize de laborator pentru polonezii din Olanda \u0219i Germania. Oferim analize de s\u00e2nge rapide f\u0103r\u0103 trimitere \u0219i posibilitatea de a consulta rezultatele cu un medic polonez \u2013 convenabil, sigur \u0219i f\u0103r\u0103 stres.[\/vc_column_text][vc_tta_accordion c_icon=&#8221;chevron&#8221; c_position=&#8221;right&#8221; active_section=&#8221;1&#8243;][vc_tta_section title=&#8221;Este sigur\u0103 analiza de s\u00e2nge?&#8221; tab_id=&#8221;1775219273583-a706823d-3479&#8243;][vc_column_text css=&#8221;&#8221;]Da. Colabor\u0103m exclusiv &hellip; <a href=\"https:\/\/mytozdrowie.nl\/ro\/intrebari-frecvente\/\" class=\"more-link\" title=\"Continue reading <span class=\"screen-reader-text\">\u00centreb\u0103ri frecvente<\/span>&#8222;>Continue reading <span class=\"screen-reader-text\">\u00centreb\u0103ri frecvente<\/span><\/a><\/p>\n","protected":false},"author":1,"featured_media":0,"parent":0,"menu_order":17,"comment_status":"closed","ping_status":"closed","template":"","meta":{"footnotes":""},"class_list":["post-365","page","type-page","status-publish","hentry"],"_links":{"self":[{"href":"https:\/\/mytozdrowie.nl\/ro\/wp-json\/wp\/v2\/pages\/365","targetHints":{"allow":["GET"]}}],"collection":[{"href":"https:\/\/mytozdrowie.nl\/ro\/wp-json\/wp\/v2\/pages"}],"about":[{"href":"https:\/\/mytozdrowie.nl\/ro\/wp-json\/wp\/v2\/types\/page"}],"author":[{"embeddable":true,"href":"https:\/\/mytozdrowie.nl\/ro\/wp-json\/wp\/v2\/users\/1"}],"replies":[{"embeddable":true,"href":"https:\/\/mytozdrowie.nl\/ro\/wp-json\/wp\/v2\/comments?post=365"}],"version-history":[{"count":2,"href":"https:\/\/mytozdrowie.nl\/ro\/wp-json\/wp\/v2\/pages\/365\/revisions"}],"predecessor-version":[{"id":462,"href":"https:\/\/mytozdrowie.nl\/ro\/wp-json\/wp\/v2\/pages\/365\/revisions\/462"}],"wp:attachment":[{"href":"https:\/\/mytozdrowie.nl\/ro\/wp-json\/wp\/v2\/media?parent=365"}],"curies":[{"name":"wp","href":"https:\/\/api.w.org\/{rel}","templated":true}]}}