{"id":414,"date":"2018-08-03T08:06:05","date_gmt":"2018-08-03T06:06:05","guid":{"rendered":"https:\/\/mytozdrowie.nl\/despre-noi\/"},"modified":"2026-04-15T08:51:10","modified_gmt":"2026-04-15T06:51:10","slug":"despre-noi","status":"publish","type":"page","link":"https:\/\/mytozdrowie.nl\/ro\/despre-noi\/","title":{"rendered":"Despre noi"},"content":{"rendered":"<div class=\"wpb-content-wrapper\"><p>[vc_row full_width=&#8221;stretch_row&#8221; el_class=&#8221;ts-column-pad-0&#8243; css=&#8221;.vc_custom_1535171682818{padding-bottom: 50px !important;}&#8221; ts_responsive_css=&#8221;69022376|colbreak_yes|||||||||colbreak_no|||||||||colbreak_no||||||||||colbreak_no|||||||||&#8221;][vc_column width=&#8221;1\/2&#8243; css=&#8221;.vc_custom_1533536933706{padding-right: 15% !important;}&#8221;]<div class=\"ts-element-heading-wrapper ts-heading-inner ts-element-align-left ts-seperator-none  vc_custom_1775464246212\"><section class=\"ts-vc_cta3-container\"><div class=\"ts-vc_general ts-vc_cta3 ts-cta3-only ts-vc_cta3-style-classic ts-vc_cta3-shape-rounded ts-vc_cta3-align-left ts-vc_cta3-color-transparent ts-vc_cta3-icon-size-md ts-vc_cta3-actions-no ts-cta3-with-desc\"><div class=\"ts-vc_cta3_content-container\"><div class=\"ts-vc_cta3-content\"><div class=\"ts-vc_cta3-content-header ts-wrap\"><div class=\"ts-vc_cta3-headers ts-wrap-cell\"><h2 class=\"ts-custom-heading \" >PIERWSZE POLSKIE<br \/>\nPUNKTY POBRA\u0143 KRWI W HOLANDII<\/h2>\n<\/div><\/div><div class=\"ts-cta3-content-wrapper\"><p>Jeste\u015bmy jedynym polskim punktem pobra\u0144 krwi w Holandii. Tworzymy to miejsce z my\u015bl\u0105 o Polakach mieszkaj\u0105cych w Holandii \u2013 aby mogli wykona\u0107 badania w swoim j\u0119zyku, bez straty czasu i nieporozumie\u0144.<\/p><\/div><\/div><\/div><\/div><\/section><\/div> <!-- .ts-element-heading-wrapper container --> [vc_column_text]V\u0103 vom oferi \u00eengrijire complet\u0103 \u2013 echipa noastr\u0103 de medici experimenta\u021bi v\u0103 va recomanda ce analize ar trebui s\u0103 efectua\u021bi, asistenta medical\u0103 v\u0103 va ajuta s\u0103 alege\u021bi pachetul potrivit, iar asistenta medical\u0103 certificat\u0103 v\u0103 va recolta s\u00e2ngele. Ve\u021bi primi rezultatele chiar a doua zi! Nu mai trebuie s\u0103 c\u0103l\u0103tori\u021bi \u00een Polonia pentru a v\u0103 face analize.[\/vc_column_text][\/vc_column][vc_column ts_bgcolor=&#8221;skincolor&#8221; width=&#8221;1\/2&#8243; ts_responsive_css=&#8221;69486073|colbreak_no|||||15||||colbreak_no|||||||||colbreak_no||||||||||colbreak_no|||||||||&#8221;][vc_single_image image=&#8221;415&#8243; img_size=&#8221;full&#8221; css=&#8221;&#8221;][vc_row_inner css=&#8221;.vc_custom_1534659427495{padding-right: 50px !important;padding-bottom: 10px !important;padding-left: 50px !important;}&#8221;][vc_column_inner width=&#8221;1\/2&#8243;]<h4 style=\"text-align:left;\" class=\"ts-custom-heading \" >PROGRAM \u0218I PRE\u021aURI<\/h4>\n<p style=\"text-align:left;\" class=\"ts-custom-heading \" >V\u0103 a\u0219tept\u0103m \u2013 programa\u021bi-v\u0103 ast\u0103zi!<\/p>\n[\/vc_column_inner][vc_column_inner width=&#8221;1\/2&#8243;]\r\n\t\t<div class=\"ts-vc_btn3-container  ts-btn-align-left-767 ts-vc_btn3-right\"><a class=\"ts-vc_general ts-vc_btn3 ts-vc_btn3-size-md ts-vc_btn3-shape-square ts-vc_btn3-style-flat ts-vc_btn3-weight-no ts-vc_btn3-color-white\" href=\"\/kontakt\/\" title=\"\">VERIFICA\u021aI OFERTA<\/a><\/div>[\/vc_column_inner][\/vc_row_inner][\/vc_column][\/vc_row][vc_row full_width=&#8221;stretch_row&#8221; el_class=&#8221;ts-column-pad-0&#8243; css=&#8221;.vc_custom_1533893514163{padding-top: 0px !important;padding-bottom: 40px !important;}&#8221;][vc_column width=&#8221;1\/2&#8243; css=&#8221;.vc_custom_1775464296489{margin-top: -100px !important;padding-right: 15% !important;}&#8221; ts_responsive_css=&#8221;67218138|colbreak_no|0||||||||colbreak_no|||||||||colbreak_no||||||||||colbreak_no|||||||||&#8221;][vc_single_image image=&#8221;416&#8243; img_size=&#8221;497*538&#8243; css=&#8221;&#8221;][\/vc_column][vc_column width=&#8221;1\/2&#8243;]<div class=\"ts-element-heading-wrapper ts-heading-inner ts-element-align-left ts-seperator-none \"><section class=\"ts-vc_cta3-container\"><div class=\"ts-vc_general ts-vc_cta3 ts-cta3-only ts-vc_cta3-style-classic ts-vc_cta3-shape-rounded ts-vc_cta3-align-left ts-vc_cta3-color-transparent ts-vc_cta3-icon-size-md ts-vc_cta3-actions-no ts-cta3-without-desc\"><div class=\"ts-vc_cta3_content-container\"><div class=\"ts-vc_cta3-content\"><div class=\"ts-vc_cta3-content-header ts-wrap\"><div class=\"ts-vc_cta3-headers ts-wrap-cell\"><h2 class=\"ts-custom-heading \" >DLACZEGO WARTO<br \/>\nNAM ZAUFA\u0106?<\/h2>\n<\/div><\/div><\/div><\/div><\/div><\/section><\/div> <!-- .ts-element-heading-wrapper container --> [vc_column_text]Suntem con\u0219tien\u021bi c\u0103 atunci c\u00e2nd alege\u021bi un punct de recoltare, cele mai importante aspecte sunt: profesionalismul, acurate\u021bea rezultatelor, siguran\u021ba \u0219i \u00eencrederea. De aceea, ne concentr\u0103m pe cele mai \u00eenalte standarde de servicii \u0219i calitate. Colabor\u0103m cu unul dintre cele mai bune laboratoare din Polonia, care de\u021bine certificat ISO \u2013 toate analizele sunt efectuate pe echipamente de cea mai \u00eenalt\u0103 clas\u0103 din lume.[\/vc_column_text][vc_row_inner el_class=&#8221;ts-fid-sep&#8221;][vc_column_inner width=&#8221;1\/3&#8243;]\r\n\r\n<div class=\"ts-fid inside ts-fid-boxstyle-without-icon ts-fidbox-style-3\">\r\n\t<div class=\"ts-fld-contents\">\r\n\t\t<h3 class=\"ts-fid-inner\">\r\n\t\t\t\t\t\t<span\r\n\t\t\t\tdata-appear-animation = \"animateDigits\"\r\n\t\t\t\tdata-from             = \"0\"\r\n\t\t\t\tdata-to               = \"36\"\r\n\t\t\t\tdata-interval         = \"5\"\r\n\t\t\t\t>\r\n\t\t\t\t\t36\t\t\t<\/span>\r\n\t\t\t\t\t<\/h3>\r\n\t\t<h6 class=\"ts-fid-title\"><span>REZULTATE \u00ceN ORE<br><\/span><\/h6>\r\n\t<\/div><!-- .ts-fld-contents -->\r\n<\/div>\r\n\r\n\r\n\r\n[\/vc_column_inner][vc_column_inner width=&#8221;1\/3&#8243;]\r\n\r\n<div class=\"ts-fid inside ts-fid-boxstyle-without-icon ts-fidbox-style-3\">\r\n\t<div class=\"ts-fld-contents\">\r\n\t\t<h3 class=\"ts-fid-inner\">\r\n\t\t\t\t\t\t<span\r\n\t\t\t\tdata-appear-animation = \"animateDigits\"\r\n\t\t\t\tdata-from             = \"0\"\r\n\t\t\t\tdata-to               = \"4\"\r\n\t\t\t\tdata-interval         = \"5\"\r\n\t\t\t\t>\r\n\t\t\t\t\t4\t\t\t<\/span>\r\n\t\t\t\t\t<\/h3>\r\n\t\t<h6 class=\"ts-fid-title\"><span>LIMBI DE COMUNICARE<br><\/span><\/h6>\r\n\t<\/div><!-- .ts-fld-contents -->\r\n<\/div>\r\n\r\n\r\n\r\n[\/vc_column_inner][vc_column_inner width=&#8221;1\/3&#8243;]\r\n\r\n<div class=\"ts-fid inside ts-fid-boxstyle-without-icon ts-fidbox-style-3\">\r\n\t<div class=\"ts-fld-contents\">\r\n\t\t<h3 class=\"ts-fid-inner\">\r\n\t\t\t\t\t\t<span\r\n\t\t\t\tdata-appear-animation = \"animateDigits\"\r\n\t\t\t\tdata-from             = \"0\"\r\n\t\t\t\tdata-to               = \"30\"\r\n\t\t\t\tdata-interval         = \"5\"\r\n\t\t\t\t>\r\n\t\t\t\t\t30\t\t\t<\/span>\r\n\t\t\t\t\t<\/h3>\r\n\t\t<h6 class=\"ts-fid-title\"><span>PACHETE DE ANALIZE<br><\/span><\/h6>\r\n\t<\/div><!-- .ts-fld-contents -->\r\n<\/div>\r\n\r\n\r\n\r\n[\/vc_column_inner][\/vc_row_inner][\/vc_column][\/vc_row][vc_row ts_bgcolor=&#8221;grey&#8221; full_width=&#8221;stretch_row&#8221; css=&#8221;.vc_custom_1533285607880{padding-bottom: 100px !important;}&#8221;][vc_column]<div class=\"ts-element-heading-wrapper ts-heading-inner ts-element-align-center ts-seperator-none \"><section class=\"ts-vc_cta3-container\"><div class=\"ts-vc_general ts-vc_cta3 ts-cta3-only ts-vc_cta3-style-classic ts-vc_cta3-shape-rounded ts-vc_cta3-align-center ts-vc_cta3-color-transparent ts-vc_cta3-icon-size-md ts-vc_cta3-actions-no ts-cta3-without-desc\"><div class=\"ts-vc_cta3_content-container\"><div class=\"ts-vc_cta3-content\"><div class=\"ts-vc_cta3-content-header ts-wrap\"><div class=\"ts-vc_cta3-headers ts-wrap-cell\"><h2 class=\"ts-custom-heading \" >NASZE PAKIETY BADA\u0143<br \/>\nDOPASOWANE DO TWOICH POTRZEB<\/h2>\n<\/div><\/div><\/div><\/div><\/div><\/section><\/div> <!-- .ts-element-heading-wrapper container --> [vc_row_inner][vc_column_inner width=&#8221;1\/3&#8243;]\r\n\r\n<div class=\"ts-ihbox ts-ihbox-style-3 ts-ihbox-itype-icon \">\r\n\t<div class=\"ts-sbox-bgimage-layer ts-bgimage-layer\"><\/div>\r\n\t<div class=\"ts-ihbox-wrapper-bg-layer ts-bg-layer\"><\/div>\r\n\t\r\n\t<div class=\"ts-ihbox-inner\">\r\n\t\t<div class=\"ts-ihbox-icon ts-large-icon ts-icon-skincolor\">\r\n\t\t\t<div class=\"ts-ihbox-icon-wrapper\"><i class=\"ts-labtechco-business-icon ts-labtechco-business-icon-microscope-2\"><\/i><\/div>\t\t<\/div>\r\n\r\n\t\t<div class=\"ts-ihbox-contents\">\r\n\t\t\t<div class=\"ts-vc_general ts-vc_cta3 ts-cta3-only ts-vc_cta3-style-classic ts-vc_cta3-shape-rounded ts-vc_cta3-align-left ts-vc_cta3-color-transparent ts-vc_cta3-icon-size-md ts-vc_cta3-actions-no ts-cta3-with-desc\"><div class=\"ts-vc_cta3_content-container\"><div class=\"ts-vc_cta3-content\"><div class=\"ts-vc_cta3-content-header ts-wrap\"><div class=\"ts-vc_cta3-headers ts-wrap-cell\"><h2 class=\"ts-custom-heading \">PAKIETY DLA SPORTOWC\u00d3W I KULTURYST\u00d3W<\/h2>\n<\/div><\/div><div class=\"ts-cta3-content-wrapper\"> <\/div><\/div><\/div><\/div>\t\t\t<div class=\"ts-cta3-content-wrapper\">Controlul hormonilor, parametrilor de performan\u021b\u0103 \u0219i regenerare. Pachete create de o echip\u0103 de medici speciali\u0219ti experimenta\u021bi. <\/div>\t\t\t\t\t<\/div><!-- .ts-ihbox-contents -->\r\n\t<\/div>\r\n<\/div>\r\n\r\n\r\n\r\n[\/vc_column_inner][vc_column_inner width=&#8221;1\/3&#8243;]\r\n\r\n<div class=\"ts-ihbox ts-ihbox-style-3 ts-ihbox-itype-icon \">\r\n\t<div class=\"ts-sbox-bgimage-layer ts-bgimage-layer\"><\/div>\r\n\t<div class=\"ts-ihbox-wrapper-bg-layer ts-bg-layer\"><\/div>\r\n\t\r\n\t<div class=\"ts-ihbox-inner\">\r\n\t\t<div class=\"ts-ihbox-icon ts-large-icon ts-icon-skincolor\">\r\n\t\t\t<div class=\"ts-ihbox-icon-wrapper\"><i class=\"ts-labtechco-business-icon ts-labtechco-business-icon-bacteria\"><\/i><\/div>\t\t<\/div>\r\n\r\n\t\t<div class=\"ts-ihbox-contents\">\r\n\t\t\t<div class=\"ts-vc_general ts-vc_cta3 ts-cta3-only ts-vc_cta3-style-classic ts-vc_cta3-shape-rounded ts-vc_cta3-align-left ts-vc_cta3-color-transparent ts-vc_cta3-icon-size-md ts-vc_cta3-actions-no ts-cta3-with-desc\"><div class=\"ts-vc_cta3_content-container\"><div class=\"ts-vc_cta3-content\"><div class=\"ts-vc_cta3-content-header ts-wrap\"><div class=\"ts-vc_cta3-headers ts-wrap-cell\"><h2 class=\"ts-custom-heading \">PAKIETY ROZSZERZONE I DEDYKOWANE<\/h2>\n<\/div><\/div><div class=\"ts-cta3-content-wrapper\"> <\/div><\/div><\/div><\/div>\t\t\t<div class=\"ts-cta3-content-wrapper\">Diagnostic complet: diabet, anemie, tiroid\u0103, ficat, pancreas, rinichi, vitamine. Pachete dedicate pentru femei, b\u0103rba\u021bi, persoane care planific\u0103 sarcina \u0219i cele care utilizeaz\u0103 contraceptive. <\/div>\t\t\t\t\t<\/div><!-- .ts-ihbox-contents -->\r\n\t<\/div>\r\n<\/div>\r\n\r\n\r\n\r\n[\/vc_column_inner][vc_column_inner width=&#8221;1\/3&#8243;]\r\n\r\n<div class=\"ts-ihbox ts-ihbox-style-3 ts-ihbox-itype-icon \">\r\n\t<div class=\"ts-sbox-bgimage-layer ts-bgimage-layer\"><\/div>\r\n\t<div class=\"ts-ihbox-wrapper-bg-layer ts-bg-layer\"><\/div>\r\n\t\r\n\t<div class=\"ts-ihbox-inner\">\r\n\t\t<div class=\"ts-ihbox-icon ts-large-icon ts-icon-skincolor\">\r\n\t\t\t<div class=\"ts-ihbox-icon-wrapper\"><i class=\"ts-labtechco-business-icon ts-labtechco-business-icon-flask\"><\/i><\/div>\t\t<\/div>\r\n\r\n\t\t<div class=\"ts-ihbox-contents\">\r\n\t\t\t<div class=\"ts-vc_general ts-vc_cta3 ts-cta3-only ts-vc_cta3-style-classic ts-vc_cta3-shape-rounded ts-vc_cta3-align-left ts-vc_cta3-color-transparent ts-vc_cta3-icon-size-md ts-vc_cta3-actions-no ts-cta3-with-desc\"><div class=\"ts-vc_cta3_content-container\"><div class=\"ts-vc_cta3-content\"><div class=\"ts-vc_cta3-content-header ts-wrap\"><div class=\"ts-vc_cta3-headers ts-wrap-cell\"><h2 class=\"ts-custom-heading \">ALERGIE I MARKERY NOWOTWOROWE<\/h2>\n<\/div><\/div><div class=\"ts-cta3-content-wrapper\"> <\/div><\/div><\/div><\/div>\t\t\t<div class=\"ts-cta3-content-wrapper\">Diagnosticarea celor mai frecvente alergii alimentare \u0219i respiratorii, precum \u0219i controlul profilactic al markerilor tumorali. Depistarea precoce este cea mai bun\u0103 protec\u021bie. <\/div>\t\t\t\t\t<\/div><!-- .ts-ihbox-contents -->\r\n\t<\/div>\r\n<\/div>\r\n\r\n\r\n\r\n[\/vc_column_inner][\/vc_row_inner][\/vc_column][\/vc_row][vc_row ts_bgcolor=&#8221;skincolor&#8221; full_width=&#8221;stretch_row&#8221;][vc_column][vc_row_inner][vc_column_inner width=&#8221;1\/3&#8243;]<div class=\"themestek-progress-bar vc_progress_bar wpb_content_element vc_progress-bar-color-white vc_progress-bar-color-white\"><div class=\"ts-pbar-single-bar-w ts-pbar-icon-false\"><div class=\"vc_general vc_single_bar\"><small class=\"vc_label\"> CERTYFIKOWANY PERSONEL<\/small> <span class=\"ts-vc_label_units vc_label_units\">100%<\/span><span class=\"vc_bar \" data-percentage-value=\"100\" data-value=\"100\"><\/span><\/div><\/div><\/div>[vc_column_text]S\u00e2ngele este recoltat de o asistent\u0103 medical\u0103 certificat\u0103, \u00eenscris\u0103 \u00een registrul olandez BIG al lucr\u0103torilor medicali. Siguran\u021b\u0103 deplin\u0103 \u0219i profesionalism.[\/vc_column_text][\/vc_column_inner][vc_column_inner width=&#8221;1\/3&#8243;]<div class=\"themestek-progress-bar vc_progress_bar wpb_content_element vc_progress-bar-color-white vc_progress-bar-color-white\"><div class=\"ts-pbar-single-bar-w ts-pbar-icon-false\"><div class=\"vc_general vc_single_bar\"><small class=\"vc_label\">KONSULTACJA LEKARSKA<\/small> <span class=\"ts-vc_label_units vc_label_units\">100%<\/span><span class=\"vc_bar \" data-percentage-value=\"100\" data-value=\"100\"><\/span><\/div><\/div><\/div>[vc_column_text]Posibilitatea de consultare cu un medic polonez \u00eenainte \u0219i dup\u0103 analize. Medicul coordonator supravegheaz\u0103 selec\u021bia analizelor \u0219i interpretarea rezultatelor.[\/vc_column_text][\/vc_column_inner][vc_column_inner width=&#8221;1\/3&#8243;]<div class=\"themestek-progress-bar vc_progress_bar wpb_content_element vc_progress-bar-color-white vc_progress-bar-color-white\"><div class=\"ts-pbar-single-bar-w ts-pbar-icon-false\"><div class=\"vc_general vc_single_bar\"><small class=\"vc_label\"> LABORATORIUM ISO<\/small> <span class=\"ts-vc_label_units vc_label_units\">100%<\/span><span class=\"vc_bar \" data-percentage-value=\"100\" data-value=\"100\"><\/span><\/div><\/div><\/div>[vc_column_text]Colabor\u0103m cu unul dintre cele mai bune laboratoare din Polonia, cu certificat ISO. Eprubetele unei firme renumite garanteaz\u0103 cea mai \u00eenalt\u0103 precizie a rezultatelor.[\/vc_column_text][\/vc_column_inner][\/vc_row_inner][\/vc_column][\/vc_row][vc_row full_width=&#8221;stretch_row&#8221;][vc_column]<div class=\"themestek-boxes themestek-boxes-testimonial themestek-boxes-element-testimonial-style-2 themestek-boxes-view-carousel themestek-boxes-col-one themestek-boxes-sortable-no themestek-boxes-textalign-center themestek-boxes-sortablebutton- ts-boxes-carousel-arrows-1\" data-ts-speed=\"1500\" data-ts-autoplay=\"1\" data-ts-autoplayspeed=\"4500\" data-ts-loop=\"1\" data-ts-dots=\"0\" data-ts-nav=\"1\" data-ts-centermode=\"0\" data-ts-pauseonfocus=\"1\" data-ts-pauseonhover=\"1\" data-ts-slidestoscroll=\"column\" data-ts-effecttype=\"slide\">\r\n\t\t<div class=\"themestek-boxes-inner themestek-boxes-testimonial-inner \"><div class=\"themestek-box-heading-wrapper ts-element-align-center\"><div class=\"ts-element-heading-wrapper ts-heading-inner ts-element-align-center ts-seperator-none \"><section class=\"ts-vc_cta3-container\"><div class=\"ts-vc_general ts-vc_cta3 ts-cta3-only ts-vc_cta3-style-classic ts-vc_cta3-shape-rounded ts-vc_cta3-align-center ts-vc_cta3-color-transparent ts-vc_cta3-icon-size-md ts-vc_cta3-actions-no ts-cta3-with-desc\"><div class=\"ts-vc_cta3_content-container\"><div class=\"ts-vc_cta3-content\"><div class=\"ts-vc_cta3-content-header ts-wrap\"><div class=\"ts-vc_cta3-headers ts-wrap-cell\"><h2 class=\"ts-custom-heading \" ><a href=\"\">CO M\u00d3WI\u0104 NASI PACJENCI<\/a><\/h2>\n<\/div><\/div><div class=\"ts-cta3-content-wrapper\"><p><a href=\"https:\/\/www.facebook.com\/profile.php?id=61584200886714&amp;sk=reviews\">Vede\u021bi celelalte opinii<\/a><\/p><\/div><\/div><\/div><\/div><\/section><\/div> <!-- .ts-element-heading-wrapper container --> <\/div> <!-- .ts-element-heading-wrapper container --> <\/div><!-- .themestek-boxes-inner -->   <\/div><!-- .themestek-boxes -->  [\/vc_column][\/vc_row]<\/p>\n<\/div>","protected":false},"excerpt":{"rendered":"<p>[vc_row full_width=&#8221;stretch_row&#8221; el_class=&#8221;ts-column-pad-0&#8243; css=&#8221;.vc_custom_1535171682818{padding-bottom: 50px !important;}&#8221; ts_responsive_css=&#8221;69022376|colbreak_yes|||||||||colbreak_no|||||||||colbreak_no||||||||||colbreak_no|||||||||&#8221;][vc_column width=&#8221;1\/2&#8243; css=&#8221;.vc_custom_1533536933706{padding-right: 15% !important;}&#8221;][vc_column_text]V\u0103 vom oferi \u00eengrijire complet\u0103 \u2013 echipa noastr\u0103 de medici experimenta\u021bi v\u0103 va recomanda ce analize ar trebui s\u0103 efectua\u021bi, asistenta medical\u0103 v\u0103 va ajuta s\u0103 alege\u021bi pachetul potrivit, iar asistenta medical\u0103 certificat\u0103 v\u0103 va recolta s\u00e2ngele. Ve\u021bi primi rezultatele chiar a doua zi! Nu &hellip; <a href=\"https:\/\/mytozdrowie.nl\/ro\/despre-noi\/\" class=\"more-link\" title=\"Continue reading <span class=\"screen-reader-text\">Despre noi<\/span>&#8222;>Continue reading <span class=\"screen-reader-text\">Despre noi<\/span><\/a><\/p>\n","protected":false},"author":1,"featured_media":0,"parent":0,"menu_order":14,"comment_status":"closed","ping_status":"closed","template":"","meta":{"footnotes":""},"class_list":["post-414","page","type-page","status-publish","hentry"],"_links":{"self":[{"href":"https:\/\/mytozdrowie.nl\/ro\/wp-json\/wp\/v2\/pages\/414","targetHints":{"allow":["GET"]}}],"collection":[{"href":"https:\/\/mytozdrowie.nl\/ro\/wp-json\/wp\/v2\/pages"}],"about":[{"href":"https:\/\/mytozdrowie.nl\/ro\/wp-json\/wp\/v2\/types\/page"}],"author":[{"embeddable":true,"href":"https:\/\/mytozdrowie.nl\/ro\/wp-json\/wp\/v2\/users\/1"}],"replies":[{"embeddable":true,"href":"https:\/\/mytozdrowie.nl\/ro\/wp-json\/wp\/v2\/comments?post=414"}],"version-history":[{"count":2,"href":"https:\/\/mytozdrowie.nl\/ro\/wp-json\/wp\/v2\/pages\/414\/revisions"}],"predecessor-version":[{"id":422,"href":"https:\/\/mytozdrowie.nl\/ro\/wp-json\/wp\/v2\/pages\/414\/revisions\/422"}],"wp:attachment":[{"href":"https:\/\/mytozdrowie.nl\/ro\/wp-json\/wp\/v2\/media?parent=414"}],"curies":[{"name":"wp","href":"https:\/\/api.w.org\/{rel}","templated":true}]}}