{"id":446,"date":"2018-08-02T08:54:20","date_gmt":"2018-08-02T06:54:20","guid":{"rendered":"https:\/\/mytozdrowie.nl\/pagina-principala\/"},"modified":"2026-04-13T15:28:18","modified_gmt":"2026-04-13T13:28:18","slug":"pagina-principala","status":"publish","type":"page","link":"https:\/\/mytozdrowie.nl\/ro\/","title":{"rendered":"Pagina principal\u0103"},"content":{"rendered":"<div class=\"wpb-content-wrapper\"><p>[vc_row full_width=&#8221;stretch_row&#8221;][vc_column]<div class=\"ts-element-heading-wrapper ts-heading-inner ts-element-align-center ts-seperator-none \"><section class=\"ts-vc_cta3-container\"><div class=\"ts-vc_general ts-vc_cta3 ts-cta3-only ts-vc_cta3-style-classic ts-vc_cta3-shape-rounded ts-vc_cta3-align-center ts-vc_cta3-color-transparent ts-vc_cta3-icon-size-md ts-vc_cta3-actions-no ts-cta3-with-desc\"><div class=\"ts-vc_cta3_content-container\"><div class=\"ts-vc_cta3-content\"><div class=\"ts-vc_cta3-content-header ts-wrap\"><div class=\"ts-vc_cta3-headers ts-wrap-cell\"><h2 class=\"ts-custom-heading \" >PIERWSZY POLSKI PUNKT POBRA\u0143 KRWI W HOLANDII<br \/>\n<strong>TWOJE ZDROWIE POD KONTROL\u0104<\/strong><\/h2>\n<\/div><\/div><div class=\"ts-cta3-content-wrapper\"><p>Szybko, bezpiecznie, w Twoim j\u0119zyku \u2013 bez zb\u0119dnych pyta\u0144 i bez konieczno\u015bci wyjazdu do Polski.<\/p><\/div><\/div><\/div><\/div><\/section><\/div> <!-- .ts-element-heading-wrapper container --> [vc_row_inner gap=&#8221;15&#8243; el_class=&#8221;ts-column-pad-0&#8243; ts_responsive_css=&#8221;28029973|colbreak_no|||||||||colbreak_yes|||||||||colbreak_no||||||||||colbreak_no|||||||||&#8221; css=&#8221;.vc_custom_1535451812298{margin-right: -7.5px !important;margin-left: -7.5px !important;}&#8221;][vc_column_inner width=&#8221;1\/4&#8243;]\r\n\r\n<div class=\"ts-ihbox ts-ihbox-style-1 ts-ihbox-itype-icon \">\r\n\t<div class=\"ts-sbox-bgimage-layer ts-bgimage-layer\"><\/div>\r\n\t<div class=\"ts-ihbox-wrapper-bg-layer ts-bg-layer\"><\/div>\r\n\t\r\n\t<div class=\"ts-ihbox-inner\">\r\n\t\t<div class=\"ts-ihbox-icon ts-large-icon ts-icon-skincolor\">\r\n\t\t\t<div class=\"ts-ihbox-icon-wrapper\"><i class=\"ts-labtechco-business-icon ts-labtechco-business-icon-syringe\"><\/i><\/div>\t\t<\/div>\r\n\r\n\t\t<div class=\"ts-ihbox-contents\">\r\n\t\t\t<div class=\"ts-vc_general ts-vc_cta3 ts-cta3-only ts-vc_cta3-style-classic ts-vc_cta3-shape-rounded ts-vc_cta3-align-left ts-vc_cta3-color-transparent ts-vc_cta3-icon-size-md ts-vc_cta3-actions-no ts-cta3-with-desc\"><div class=\"ts-vc_cta3_content-container\"><div class=\"ts-vc_cta3-content\"><div class=\"ts-vc_cta3-content-header ts-wrap\"><div class=\"ts-vc_cta3-headers ts-wrap-cell\"><h2 class=\"ts-custom-heading \">CERTYFIKOWANA PIEL\u0118GNIARKA<\/h2>\n<\/div><\/div><div class=\"ts-cta3-content-wrapper\"> <\/div><\/div><\/div><\/div>\t\t\t<div class=\"ts-cta3-content-wrapper\">Recoltarea s\u00e2ngelui este efectuat\u0103 de o asistent\u0103 medical\u0103 \u00eenregistrat\u0103 \u00een registrul olandez BIG \u2013 garan\u021bia celor mai \u00eenalte standarde medicale.<\/div>\t\t\t\t\t<\/div><!-- .ts-ihbox-contents -->\r\n\t<\/div>\r\n\t\r\n<\/div>\r\n\r\n\r\n\r\n[\/vc_column_inner][vc_column_inner width=&#8221;1\/4&#8243;]\r\n\r\n<div class=\"ts-ihbox ts-ihbox-style-1 ts-ihbox-itype-icon \">\r\n\t<div class=\"ts-sbox-bgimage-layer ts-bgimage-layer\"><\/div>\r\n\t<div class=\"ts-ihbox-wrapper-bg-layer ts-bg-layer\"><\/div>\r\n\t\r\n\t<div class=\"ts-ihbox-inner\">\r\n\t\t<div class=\"ts-ihbox-icon ts-large-icon ts-icon-skincolor\">\r\n\t\t\t<div class=\"ts-ihbox-icon-wrapper\"><i class=\"ts-labtechco-business-icon ts-labtechco-business-icon-clipboard\"><\/i><\/div>\t\t<\/div>\r\n\r\n\t\t<div class=\"ts-ihbox-contents\">\r\n\t\t\t<div class=\"ts-vc_general ts-vc_cta3 ts-cta3-only ts-vc_cta3-style-classic ts-vc_cta3-shape-rounded ts-vc_cta3-align-left ts-vc_cta3-color-transparent ts-vc_cta3-icon-size-md ts-vc_cta3-actions-no ts-cta3-with-desc\"><div class=\"ts-vc_cta3_content-container\"><div class=\"ts-vc_cta3-content\"><div class=\"ts-vc_cta3-content-header ts-wrap\"><div class=\"ts-vc_cta3-headers ts-wrap-cell\"><h2 class=\"ts-custom-heading \">WYNIKI W 32\u201336 GODZIN<\/h2>\n<\/div><\/div><div class=\"ts-cta3-content-wrapper\"> <\/div><\/div><\/div><\/div>\t\t\t<div class=\"ts-cta3-content-wrapper\">Rezultatele analizelor de s\u00e2nge de obicei \u00een ziua urm\u0103toare \u2013 preluare online convenabil\u0103, f\u0103r\u0103 a p\u0103r\u0103si casa.<\/div>\t\t\t\t\t<\/div><!-- .ts-ihbox-contents -->\r\n\t<\/div>\r\n\t\r\n<\/div>\r\n\r\n\r\n\r\n[\/vc_column_inner][vc_column_inner width=&#8221;1\/4&#8243;]\r\n\r\n<div class=\"ts-ihbox ts-ihbox-style-1 ts-ihbox-itype-icon \">\r\n\t<div class=\"ts-sbox-bgimage-layer ts-bgimage-layer\"><\/div>\r\n\t<div class=\"ts-ihbox-wrapper-bg-layer ts-bg-layer\"><\/div>\r\n\t\r\n\t<div class=\"ts-ihbox-inner\">\r\n\t\t<div class=\"ts-ihbox-icon ts-large-icon ts-icon-skincolor\">\r\n\t\t\t<div class=\"ts-ihbox-icon-wrapper\"><i class=\"ts-labtechco-business-icon ts-labtechco-business-icon-microscope-2\"><\/i><\/div>\t\t<\/div>\r\n\r\n\t\t<div class=\"ts-ihbox-contents\">\r\n\t\t\t<div class=\"ts-vc_general ts-vc_cta3 ts-cta3-only ts-vc_cta3-style-classic ts-vc_cta3-shape-rounded ts-vc_cta3-align-left ts-vc_cta3-color-transparent ts-vc_cta3-icon-size-md ts-vc_cta3-actions-no ts-cta3-with-desc\"><div class=\"ts-vc_cta3_content-container\"><div class=\"ts-vc_cta3-content\"><div class=\"ts-vc_cta3-content-header ts-wrap\"><div class=\"ts-vc_cta3-headers ts-wrap-cell\"><h2 class=\"ts-custom-heading \">LABORATORIUM Z CERTYFIKATEM ISO<\/h2>\n<\/div><\/div><div class=\"ts-cta3-content-wrapper\"> <\/div><\/div><\/div><\/div>\t\t\t<div class=\"ts-cta3-content-wrapper\">Colabor\u0103m cu unul dintre cele mai bune laboratoare din Polonia \u2013 echipamente de cea mai \u00eenalt\u0103 clas\u0103, eprubete certificate de o firm\u0103 renumit\u0103.<\/div>\t\t\t\t\t<\/div><!-- .ts-ihbox-contents -->\r\n\t<\/div>\r\n\t\r\n<\/div>\r\n\r\n\r\n\r\n[\/vc_column_inner][vc_column_inner width=&#8221;1\/4&#8243;]\r\n\r\n<div class=\"ts-ihbox ts-ihbox-style-1 ts-ihbox-itype-icon \">\r\n\t<div class=\"ts-sbox-bgimage-layer ts-bgimage-layer\"><\/div>\r\n\t<div class=\"ts-ihbox-wrapper-bg-layer ts-bg-layer\"><\/div>\r\n\t\r\n\t<div class=\"ts-ihbox-inner\">\r\n\t\t<div class=\"ts-ihbox-icon ts-large-icon ts-icon-skincolor\">\r\n\t\t\t<div class=\"ts-ihbox-icon-wrapper\"><i class=\"ts-labtechco-business-icon ts-labtechco-business-icon-caduceus\"><\/i><\/div>\t\t<\/div>\r\n\r\n\t\t<div class=\"ts-ihbox-contents\">\r\n\t\t\t<div class=\"ts-vc_general ts-vc_cta3 ts-cta3-only ts-vc_cta3-style-classic ts-vc_cta3-shape-rounded ts-vc_cta3-align-left ts-vc_cta3-color-transparent ts-vc_cta3-icon-size-md ts-vc_cta3-actions-no ts-cta3-with-desc\"><div class=\"ts-vc_cta3_content-container\"><div class=\"ts-vc_cta3-content\"><div class=\"ts-vc_cta3-content-header ts-wrap\"><div class=\"ts-vc_cta3-headers ts-wrap-cell\"><h2 class=\"ts-custom-heading \">KONSULTACJA Z POLSKIM LEKARZEM<\/h2>\n<\/div><\/div><div class=\"ts-cta3-content-wrapper\"> <\/div><\/div><\/div><\/div>\t\t\t<div class=\"ts-cta3-content-wrapper\">Medicul de supraveghere v\u0103 va recomanda ce analize s\u0103 efectua\u021bi \u0219i v\u0103 va ajuta s\u0103 interpreta\u021bi rezultatele \u2013 \u00eenainte \u0219i dup\u0103 recoltarea s\u00e2ngelui.<\/div>\t\t\t\t\t<\/div><!-- .ts-ihbox-contents -->\r\n\t<\/div>\r\n\t\r\n<\/div>\r\n\r\n\r\n\r\n[\/vc_column_inner][\/vc_row_inner][\/vc_column][\/vc_row][vc_row ts_bgcolor=&#8221;white&#8221; full_width=&#8221;stretch_row&#8221;][vc_column]<div class=\"ts-element-heading-wrapper ts-heading-inner ts-element-align-center ts-seperator-none \"><section class=\"ts-vc_cta3-container\"><div class=\"ts-vc_general ts-vc_cta3 ts-cta3-only ts-vc_cta3-style-classic ts-vc_cta3-shape-rounded ts-vc_cta3-align-center ts-vc_cta3-color-transparent ts-vc_cta3-icon-size-md ts-vc_cta3-actions-no ts-cta3-without-desc\"><div class=\"ts-vc_cta3_content-container\"><div class=\"ts-vc_cta3-content\"><div class=\"ts-vc_cta3-content-header ts-wrap\"><div class=\"ts-vc_cta3-headers ts-wrap-cell\"><h2 class=\"ts-custom-heading \" >JEDYNY POLSKI PUNKT POBRA\u0143 KRWI W HOLANDII<br \/>\n<strong>PROFESJONALIZM, DOK\u0141ADNO\u015a\u0106, ZAUFANIE<\/strong><\/h2>\n<\/div><\/div><\/div><\/div><\/div><\/section><\/div> <!-- .ts-element-heading-wrapper container --> [vc_row_inner el_class=&#8221;ts-fid-sep ts-two-colum-view&#8221;][vc_column_inner width=&#8221;1\/4&#8243;]\r\n\r\n<div class=\"ts-fid inside ts-fid-boxstyle-without-icon ts-fidbox-style-3\">\r\n\t<div class=\"ts-fld-contents\">\r\n\t\t<h3 class=\"ts-fid-inner\">\r\n\t\t\t\t\t\t<span\r\n\t\t\t\tdata-appear-animation = \"animateDigits\"\r\n\t\t\t\tdata-from             = \"0\"\r\n\t\t\t\tdata-to               = \"36\"\r\n\t\t\t\tdata-interval         = \"5\"\r\n\t\t\t\t>\r\n\t\t\t\t\t36\t\t\t<\/span>\r\n\t\t\t\t\t<\/h3>\r\n\t\t<h6 class=\"ts-fid-title\"><span>REZULTATE \u00ceN ORE<br><\/span><\/h6>\r\n\t<\/div><!-- .ts-fld-contents -->\r\n<\/div>\r\n\r\n\r\n\r\n[\/vc_column_inner][vc_column_inner width=&#8221;1\/4&#8243;]\r\n\r\n<div class=\"ts-fid inside ts-fid-boxstyle-without-icon ts-fidbox-style-3\">\r\n\t<div class=\"ts-fld-contents\">\r\n\t\t<h3 class=\"ts-fid-inner\">\r\n\t\t\t\t\t\t<span\r\n\t\t\t\tdata-appear-animation = \"animateDigits\"\r\n\t\t\t\tdata-from             = \"0\"\r\n\t\t\t\tdata-to               = \"4\"\r\n\t\t\t\tdata-interval         = \"5\"\r\n\t\t\t\t>\r\n\t\t\t\t\t4\t\t\t<\/span>\r\n\t\t\t\t\t<\/h3>\r\n\t\t<h6 class=\"ts-fid-title\"><span>LIMBI DE SERVICIU<br><\/span><\/h6>\r\n\t<\/div><!-- .ts-fld-contents -->\r\n<\/div>\r\n\r\n\r\n\r\n[\/vc_column_inner][vc_column_inner width=&#8221;1\/4&#8243;]\r\n\r\n<div class=\"ts-fid inside ts-fid-boxstyle-without-icon ts-fidbox-style-3\">\r\n\t<div class=\"ts-fld-contents\">\r\n\t\t<h3 class=\"ts-fid-inner\">\r\n\t\t\t\t\t\t<span\r\n\t\t\t\tdata-appear-animation = \"animateDigits\"\r\n\t\t\t\tdata-from             = \"0\"\r\n\t\t\t\tdata-to               = \"30\"\r\n\t\t\t\tdata-interval         = \"5\"\r\n\t\t\t\t>\r\n\t\t\t\t\t30\t\t\t<\/span>\r\n\t\t\t\t\t<\/h3>\r\n\t\t<h6 class=\"ts-fid-title\"><span>PACHETE DIAGNOSTICE<br><\/span><\/h6>\r\n\t<\/div><!-- .ts-fld-contents -->\r\n<\/div>\r\n\r\n\r\n\r\n[\/vc_column_inner][vc_column_inner width=&#8221;1\/4&#8243;]\r\n\r\n<div class=\"ts-fid inside ts-fid-boxstyle-without-icon ts-fidbox-style-3\">\r\n\t<div class=\"ts-fld-contents\">\r\n\t\t<h3 class=\"ts-fid-inner\">\r\n\t\t\t\t\t\t<span\r\n\t\t\t\tdata-appear-animation = \"animateDigits\"\r\n\t\t\t\tdata-from             = \"0\"\r\n\t\t\t\tdata-to               = \"6\"\r\n\t\t\t\tdata-interval         = \"5\"\r\n\t\t\t\t>\r\n\t\t\t\t\t6\t\t\t<\/span>\r\n\t\t\t\t\t<\/h3>\r\n\t\t<h6 class=\"ts-fid-title\"><span>PUNCTE DE RECOLTARE<br><\/span><\/h6>\r\n\t<\/div><!-- .ts-fld-contents -->\r\n<\/div>\r\n\r\n\r\n\r\n[\/vc_column_inner][\/vc_row_inner][\/vc_column][\/vc_row][vc_row ts_bgcolor=&#8221;white&#8221; full_width=&#8221;stretch_row&#8221; css=&#8221;.vc_custom_1533382461252{padding-top: 30px !important;padding-bottom: 10px !important;}&#8221;][vc_column]<div class=\"ts-element-heading-wrapper ts-heading-inner ts-element-align-left ts-seperator-none  vc_custom_1534658560222\"><section class=\"ts-vc_cta3-container\"><div class=\"ts-vc_general ts-vc_cta3 ts-cta3-only ts-vc_cta3-style-classic ts-vc_cta3-shape-rounded ts-vc_cta3-align-left ts-vc_cta3-color-transparent ts-vc_cta3-icon-size-md ts-vc_cta3-actions-no ts-cta3-without-desc\"><div class=\"ts-vc_cta3_content-container\"><div class=\"ts-vc_cta3-content\"><div class=\"ts-vc_cta3-content-header ts-wrap\"><div class=\"ts-vc_cta3-headers ts-wrap-cell\"><h2 class=\"ts-custom-heading \" >DLACZEGO WARTO NAM ZAUFA\u0106? <strong>STAWIAMY NA NAJWY\u017bSZE STANDARDY<\/strong><\/h2>\n<\/div><\/div><\/div><\/div><\/div><\/section><\/div> <!-- .ts-element-heading-wrapper container --> [\/vc_column][\/vc_row][vc_row ts_bgcolor=&#8221;white&#8221; full_width=&#8221;stretch_row&#8221; equal_height=&#8221;yes&#8221; css=&#8221;.vc_custom_1535101048969{padding-top: 0px !important;}&#8221; ts_responsive_css=&#8221;54267856|colbreak_no|||||||||colbreak_yes|||||||||colbreak_no||||||||||colbreak_no|||||||||&#8221;][vc_column ts_bgcolor=&#8221;skincolor&#8221; ts_col_bg_expand=&#8221;left&#8221; zindex=&#8221;2&#8243; width=&#8221;7\/12&#8243; css=&#8221;.vc_custom_1533272889888{padding-top: 60px !important;padding-right: 60px !important;padding-bottom: 40px !important;}&#8221;][vc_custom_heading text=&#8221;\u00cengrijire complet\u0103 \u2013 de la \u00eenregistrare p\u00e2n\u0103 la interpretarea rezultatelor&#8221; font_container=&#8221;tag:h5|text_align:left|color:%23ffffff&#8221; use_theme_fonts=&#8221;yes&#8221;][vc_column_text css=&#8221;&#8221;]Am creat acest loc g\u00e2ndindu-ne la polonezii care locuiesc \u00een Olanda \u2013 pentru ca ace\u0219tia s\u0103 poat\u0103 efectua analize de s\u00e2nge \u00een limba lor, f\u0103r\u0103 pierdere de timp, f\u0103r\u0103 bariere \u0219i ne\u00een\u021belegeri. Echipa noastr\u0103 de speciali\u0219ti &#8211; medic, asistent medical \u0219i asistent\u0103 medical\u0103 certificat\u0103 vor avea grij\u0103 de fiecare etap\u0103 a procesului de diagnostic.[\/vc_column_text][vc_row_inner][vc_column_inner width=&#8221;1\/2&#8243;]\r\n\r\n<div class=\"ts-ihbox ts-ihbox-style-5 ts-ihbox-itype-icon \">\r\n\t<div class=\"ts-sbox-bgimage-layer ts-bgimage-layer\"><\/div>\r\n\t<div class=\"ts-ihbox-wrapper-bg-layer ts-bg-layer\"><\/div>\r\n\t<div class=\"ts-ihbox-inner\">\r\n\t\t<div class=\"ts-ihbox-contents\">\t\r\n\t\t\t<div class=\"ts-ihbox-heading-with-icon\">\t\r\n\t\t\t\t<div class=\"ts-ihbox-icon ts-large-icon ts-icon-skincolor\">\r\n\t\t\t\t\t<div class=\"ts-ihbox-icon-wrapper\"><i class=\"ts-labtechco-business-icon ts-labtechco-business-icon-statistics\"><\/i><\/div>\t\t\t\r\n\t\t\t\t<\/div>\r\n\t\t\t\t<div class=\"ts-ihbox-heading\">\r\n\t\t\t\t\t<div class=\"ts-vc_general ts-vc_cta3 ts-cta3-only ts-vc_cta3-style-classic ts-vc_cta3-shape-rounded ts-vc_cta3-align-left ts-vc_cta3-color-transparent ts-vc_cta3-icon-size-md ts-vc_cta3-actions-no ts-cta3-with-desc\"><div class=\"ts-vc_cta3_content-container\"><div class=\"ts-vc_cta3-content\"><div class=\"ts-vc_cta3-content-header ts-wrap\"><div class=\"ts-vc_cta3-headers ts-wrap-cell\"><h2 class=\"ts-custom-heading \">Bezpiecze\u0144stwo i poufno\u015b\u0107<\/h2>\n<\/div><\/div><div class=\"ts-cta3-content-wrapper\"> <\/div><\/div><\/div><\/div>\t\t\t\t\t\t\t\t\t\t\t\t\t\t<\/div>\r\n\t\t\t<\/div>\r\n\t\t<\/div><!-- .ts-sbox-contents -->\r\n\t<\/div>\r\n<\/div>\r\n<ul class=\"ts-list ts-list-style-icon ts-list-icon-color-white ts-white ts-icon-white ts-list-textsize-medium ts-list-icon-library-themify\"><li><i class=\"ts-white themifyicon ti-angle-right\"><\/i>  <span class=\"ts-list-li-content\">Pe\u0142na zgodno\u015b\u0107 z RODO<\/span><\/li><li><i class=\"ts-white themifyicon ti-angle-right\"><\/i>  <span class=\"ts-list-li-content\">Tajemnica lekarska<\/span><\/li><li><i class=\"ts-white themifyicon ti-angle-right\"><\/i>  <span class=\"ts-list-li-content\">Badania anonimowe<\/span><\/li><li><i class=\"ts-white themifyicon ti-angle-right\"><\/i>  <span class=\"ts-list-li-content\">Certyfikowane prob\u00f3wki<\/span><\/li><li><i class=\"ts-white themifyicon ti-angle-right\"><\/i>  <span class=\"ts-list-li-content\">Rejestr BIG piel\u0119gniarki<\/span><\/li><\/ul>[\/vc_column_inner][vc_column_inner width=&#8221;1\/2&#8243;]\r\n\r\n<div class=\"ts-ihbox ts-ihbox-style-5 ts-ihbox-itype-icon \">\r\n\t<div class=\"ts-sbox-bgimage-layer ts-bgimage-layer\"><\/div>\r\n\t<div class=\"ts-ihbox-wrapper-bg-layer ts-bg-layer\"><\/div>\r\n\t<div class=\"ts-ihbox-inner\">\r\n\t\t<div class=\"ts-ihbox-contents\">\t\r\n\t\t\t<div class=\"ts-ihbox-heading-with-icon\">\t\r\n\t\t\t\t<div class=\"ts-ihbox-icon ts-large-icon ts-icon-skincolor\">\r\n\t\t\t\t\t<div class=\"ts-ihbox-icon-wrapper\"><i class=\"ts-labtechco-business-icon ts-labtechco-business-icon-test-tube-3\"><\/i><\/div>\t\t\t\r\n\t\t\t\t<\/div>\r\n\t\t\t\t<div class=\"ts-ihbox-heading\">\r\n\t\t\t\t\t<div class=\"ts-vc_general ts-vc_cta3 ts-cta3-only ts-vc_cta3-style-classic ts-vc_cta3-shape-rounded ts-vc_cta3-align-left ts-vc_cta3-color-transparent ts-vc_cta3-icon-size-md ts-vc_cta3-actions-no ts-cta3-with-desc\"><div class=\"ts-vc_cta3_content-container\"><div class=\"ts-vc_cta3-content\"><div class=\"ts-vc_cta3-content-header ts-wrap\"><div class=\"ts-vc_cta3-headers ts-wrap-cell\"><h2 class=\"ts-custom-heading \">Obs\u0142uga w 4 j\u0119zykach<\/h2>\n<\/div><\/div><div class=\"ts-cta3-content-wrapper\"> <\/div><\/div><\/div><\/div>\t\t\t\t\t\t\t\t\t\t\t\t\t\t<\/div>\r\n\t\t\t<\/div>\r\n\t\t<\/div><!-- .ts-sbox-contents -->\r\n\t<\/div>\r\n<\/div>\r\n<ul class=\"ts-list ts-list-style-icon ts-list-icon-color-white ts-white ts-icon-white ts-list-textsize-medium ts-list-icon-library-themify\"><li><i class=\"ts-white themifyicon ti-angle-right\"><\/i>  <span class=\"ts-list-li-content\">J\u0119zyk polski<\/span><\/li><li><i class=\"ts-white themifyicon ti-angle-right\"><\/i>  <span class=\"ts-list-li-content\">J\u0119zyk angielski<\/span><\/li><li><i class=\"ts-white themifyicon ti-angle-right\"><\/i>  <span class=\"ts-list-li-content\">J\u0119zyk rumu\u0144ski<\/span><\/li><li><i class=\"ts-white themifyicon ti-angle-right\"><\/i>  <span class=\"ts-list-li-content\">J\u0119zyk niderlandzki<\/span><\/li><\/ul>[\/vc_column_inner][\/vc_row_inner][\/vc_column][vc_column width=&#8221;5\/12&#8243; css=&#8221;.vc_custom_1775466624859{margin-top: -130px !important;margin-left: -5px !important;padding-bottom: 50px !important;background-image: url(https:\/\/mytozdrowie.nl\/wp-content\/uploads\/2026\/04\/punkt-pobran\u0301-2.jpg?id=295) !important;background-position: center !important;background-repeat: no-repeat !important;background-size: cover !important;}&#8221; ts_responsive_css=&#8221;11632312|colbreak_no|0||||||||colbreak_no|||||||||colbreak_no||||||||||colbreak_no|||||||||&#8221;][\/vc_column][\/vc_row][vc_row ts_bgcolor=&#8221;white&#8221; full_width=&#8221;stretch_row&#8221; css=&#8221;.vc_custom_1534585291761{padding-top: 40px !important;}&#8221;][vc_column width=&#8221;1\/2&#8243;]<div class=\"ts-element-heading-wrapper ts-heading-inner ts-element-align-left ts-seperator-none \"><section class=\"ts-vc_cta3-container\"><div class=\"ts-vc_general ts-vc_cta3 ts-cta3-only ts-vc_cta3-style-classic ts-vc_cta3-shape-rounded ts-vc_cta3-align-left ts-vc_cta3-color-transparent ts-vc_cta3-icon-size-md ts-vc_cta3-actions-no ts-cta3-without-desc\"><div class=\"ts-vc_cta3_content-container\"><div class=\"ts-vc_cta3-content\"><div class=\"ts-vc_cta3-content-header ts-wrap\"><div class=\"ts-vc_cta3-headers ts-wrap-cell\"><h2 class=\"ts-custom-heading \" >SZEROKA OFERTA <strong>PAKIET\u00d3W<br \/>\nDIAGNOSTYCZNYCH<\/strong><\/h2>\n<\/div><\/div><\/div><\/div><\/div><\/section><\/div> <!-- .ts-element-heading-wrapper container --> [vc_column_text]Oferim pachete specializate de analize de s\u00e2nge adaptate nevoilor \u0219i stilului dumneavoastr\u0103 de via\u021b\u0103. Pachetele au fost create de o echip\u0103 de medici speciali\u0219ti cu experien\u021b\u0103 din domeniile endocrinologiei, cardiologiei, diabetologiei, medicinei de familie \u0219i pediatriei. Pre\u021buri apropiate, iar uneori mai mici, dec\u00e2t laboratoarele de top din Polonia \u2013 f\u0103r\u0103 costuri ascunse.[\/vc_column_text][\/vc_column][vc_column width=&#8221;1\/2&#8243;]<div class=\"themestek-progress-bar vc_progress_bar wpb_content_element vc_progress-bar-color-skincolor vc_custom_1535457980462 vc_progress-bar-color-skincolor\"><div class=\"ts-pbar-single-bar-w ts-pbar-icon-false\"><div class=\"vc_general vc_single_bar\"><small class=\"vc_label\">PAKIETY DLA SPORTOWC\u00d3W I KULTURYST\u00d3W<\/small> <span class=\"ts-vc_label_units vc_label_units\">95%<\/span><span class=\"vc_bar \" data-percentage-value=\"95\" data-value=\"95\"><\/span><\/div><\/div><div class=\"ts-pbar-single-bar-w ts-pbar-icon-false\"><div class=\"vc_general vc_single_bar\"><small class=\"vc_label\">PAKIETY ROZSZERZONE \u2013 KOBIETY \/ M\u0118\u017bCZY\u0179NI<\/small> <span class=\"ts-vc_label_units vc_label_units\">90%<\/span><span class=\"vc_bar \" data-percentage-value=\"90\" data-value=\"90\"><\/span><\/div><\/div><div class=\"ts-pbar-single-bar-w ts-pbar-icon-false\"><div class=\"vc_general vc_single_bar\"><small class=\"vc_label\">ALERGIE I MARKERY NOWOTWOROWE<\/small> <span class=\"ts-vc_label_units vc_label_units\">85%<\/span><span class=\"vc_bar \" data-percentage-value=\"85\" data-value=\"85\"><\/span><\/div><\/div><\/div>[\/vc_column][\/vc_row][vc_row zindex=&#8221;2&#8243; full_width=&#8221;stretch_row&#8221; css=&#8221;.vc_custom_1775467168977{padding-bottom: 30px !important;background-image: url(https:\/\/mytozdrowie.nl\/wp-content\/uploads\/2026\/04\/laboratorium.jpg?id=299) !important;background-position: center !important;background-repeat: no-repeat !important;background-size: cover !important;}&#8221;][vc_column][vc_row_inner equal_height=&#8221;yes&#8221;][vc_column_inner ts_bgcolor=&#8221;skincolor&#8221; width=&#8221;1\/3&#8243; css=&#8221;.vc_custom_1534658120477{margin-bottom: -80px !important;margin-left: 15px !important;padding-top: 40px !important;padding-right: 50px !important;padding-bottom: 40px !important;padding-left: 50px !important;}&#8221;]<h3 style=\"text-align:left;font-size:32px;line-height:40px;color:#ffffff;\" class=\"ts-custom-heading \" >ZAPISZ SI\u0118 NA BADANIA JU\u017b DZI\u015a \u2013 NIE CZEKAJ NA OBJAWY!<\/h3>\n[vc_column_text]Preven\u021bia este cea mai bun\u0103 investi\u021bie \u00een viitor. Ave\u021bi grij\u0103 de s\u0103n\u0103tatea dumneavoastr\u0103 \u00een mod con\u0219tient \u2013 efectua\u021bi analize \u00een mod regulat. \u00cenregistrare prin Facebook, Instagram sau WhatsApp. Oferim servicii \u00een limba polonez\u0103, englez\u0103, rom\u00e2n\u0103 \u0219i neerlandez\u0103.[\/vc_column_text]\r\n\t\t<div class=\"ts-vc_btn3-container  ts-link-button ts-vc_btn3-inline\"><a class=\"ts-vc_general ts-vc_btn3 ts-vc_btn3-size-md ts-vc_btn3-shape-square ts-vc_btn3-style-text ts-vc_btn3-weight-no ts-vc_btn3-color-white\" href=\"\/kontakt\/\" title=\"\">UM\u00d3W WIZYT\u0118<\/a><\/div>[\/vc_column_inner][vc_column_inner el_class=&#8221;ts-play-text-box&#8221; width=&#8221;2\/3&#8243; ts_responsive_css=&#8221;67081248|colbreak_no|||||||||colbreak_no|||||||||colbreak_no|||||250||120|||colbreak_no|||||||||&#8221;][\/vc_column_inner][\/vc_row_inner][\/vc_column][\/vc_row][vc_row ts_bgcolor=&#8221;white&#8221; full_width=&#8221;stretch_row&#8221; css=&#8221;.vc_custom_1677665302373{padding-top: 120px !important;}&#8221; ts_responsive_css=&#8221;57321976|colbreak_no|||||||||colbreak_no|||||||||colbreak_no|||||70px|||||colbreak_no|||||||||&#8221;][vc_column]<div class=\"themestek-boxes themestek-boxes-blog themestek-boxes-element-blog-style-1 themestek-boxes-view-default themestek-boxes-col-three themestek-boxes-sortable-no themestek-boxes-textalign-left themestek-boxes-sortablebutton-\">\r\n\t\t<div class=\"themestek-boxes-inner themestek-boxes-blog-inner \"><div class=\"themestek-box-heading-wrapper ts-element-align-left\"><div class=\"ts-element-heading-wrapper ts-heading-inner ts-element-align-left ts-seperator-none \"><section class=\"ts-vc_cta3-container\"><div class=\"ts-vc_general ts-vc_cta3 ts-cta3-only ts-vc_cta3-style-classic ts-vc_cta3-shape-rounded ts-vc_cta3-align-left ts-vc_cta3-color-transparent ts-vc_cta3-icon-size-md ts-vc_cta3-actions-no ts-cta3-without-desc\"><div class=\"ts-vc_cta3_content-container\"><div class=\"ts-vc_cta3-content\"><div class=\"ts-vc_cta3-content-header ts-wrap\"><div class=\"ts-vc_cta3-headers ts-wrap-cell\"><h2 class=\"ts-custom-heading \" >BAZA <strong>WIEDZY<\/strong><\/h2>\n<\/div><\/div><\/div><\/div><\/div><\/section><\/div> <!-- .ts-element-heading-wrapper container --> <\/div> <!-- .ts-element-heading-wrapper container --> <\/div><!-- .themestek-boxes-inner -->   <\/div><!-- .themestek-boxes -->  [\/vc_column][\/vc_row]<\/p>\n<\/div>","protected":false},"excerpt":{"rendered":"<p>[vc_row full_width=&#8221;stretch_row&#8221;][vc_column][vc_row_inner gap=&#8221;15&#8243; el_class=&#8221;ts-column-pad-0&#8243; ts_responsive_css=&#8221;28029973|colbreak_no|||||||||colbreak_yes|||||||||colbreak_no||||||||||colbreak_no|||||||||&#8221; css=&#8221;.vc_custom_1535451812298{margin-right: -7.5px !important;margin-left: -7.5px !important;}&#8221;][vc_column_inner width=&#8221;1\/4&#8243;][\/vc_column_inner][vc_column_inner width=&#8221;1\/4&#8243;][\/vc_column_inner][vc_column_inner width=&#8221;1\/4&#8243;][\/vc_column_inner][vc_column_inner width=&#8221;1\/4&#8243;][\/vc_column_inner][\/vc_row_inner][\/vc_column][\/vc_row][vc_row ts_bgcolor=&#8221;white&#8221; full_width=&#8221;stretch_row&#8221;][vc_column][vc_row_inner el_class=&#8221;ts-fid-sep ts-two-colum-view&#8221;][vc_column_inner width=&#8221;1\/4&#8243;][\/vc_column_inner][vc_column_inner width=&#8221;1\/4&#8243;][\/vc_column_inner][vc_column_inner width=&#8221;1\/4&#8243;][\/vc_column_inner][vc_column_inner width=&#8221;1\/4&#8243;][\/vc_column_inner][\/vc_row_inner][\/vc_column][\/vc_row][vc_row ts_bgcolor=&#8221;white&#8221; full_width=&#8221;stretch_row&#8221; css=&#8221;.vc_custom_1533382461252{padding-top: 30px !important;padding-bottom: 10px !important;}&#8221;][vc_column][\/vc_column][\/vc_row][vc_row ts_bgcolor=&#8221;white&#8221; full_width=&#8221;stretch_row&#8221; equal_height=&#8221;yes&#8221; css=&#8221;.vc_custom_1535101048969{padding-top: 0px !important;}&#8221; ts_responsive_css=&#8221;54267856|colbreak_no|||||||||colbreak_yes|||||||||colbreak_no||||||||||colbreak_no|||||||||&#8221;][vc_column ts_bgcolor=&#8221;skincolor&#8221; ts_col_bg_expand=&#8221;left&#8221; zindex=&#8221;2&#8243; width=&#8221;7\/12&#8243; css=&#8221;.vc_custom_1533272889888{padding-top: 60px !important;padding-right: 60px !important;padding-bottom: 40px !important;}&#8221;][vc_custom_heading text=&#8221;\u00cengrijire complet\u0103 \u2013 de la \u00eenregistrare p\u00e2n\u0103 la &hellip; <a href=\"https:\/\/mytozdrowie.nl\/ro\/\" class=\"more-link\" title=\"Continue reading <span class=\"screen-reader-text\">Pagina principal\u0103<\/span>&#8222;>Continue reading <span class=\"screen-reader-text\">Pagina principal\u0103<\/span><\/a><\/p>\n","protected":false},"author":1,"featured_media":0,"parent":0,"menu_order":1,"comment_status":"closed","ping_status":"closed","template":"","meta":{"footnotes":""},"class_list":["post-446","page","type-page","status-publish","hentry"],"_links":{"self":[{"href":"https:\/\/mytozdrowie.nl\/ro\/wp-json\/wp\/v2\/pages\/446","targetHints":{"allow":["GET"]}}],"collection":[{"href":"https:\/\/mytozdrowie.nl\/ro\/wp-json\/wp\/v2\/pages"}],"about":[{"href":"https:\/\/mytozdrowie.nl\/ro\/wp-json\/wp\/v2\/types\/page"}],"author":[{"embeddable":true,"href":"https:\/\/mytozdrowie.nl\/ro\/wp-json\/wp\/v2\/users\/1"}],"replies":[{"embeddable":true,"href":"https:\/\/mytozdrowie.nl\/ro\/wp-json\/wp\/v2\/comments?post=446"}],"version-history":[{"count":2,"href":"https:\/\/mytozdrowie.nl\/ro\/wp-json\/wp\/v2\/pages\/446\/revisions"}],"predecessor-version":[{"id":449,"href":"https:\/\/mytozdrowie.nl\/ro\/wp-json\/wp\/v2\/pages\/446\/revisions\/449"}],"wp:attachment":[{"href":"https:\/\/mytozdrowie.nl\/ro\/wp-json\/wp\/v2\/media?parent=446"}],"curies":[{"name":"wp","href":"https:\/\/api.w.org\/{rel}","templated":true}]}}