{"id":325,"date":"2018-08-03T08:47:48","date_gmt":"2018-08-03T06:47:48","guid":{"rendered":"https:\/\/mytozdrowie.nl\/caste-otazky\/"},"modified":"2026-04-15T08:53:05","modified_gmt":"2026-04-15T06:53:05","slug":"caste-otazky","status":"publish","type":"page","link":"https:\/\/mytozdrowie.nl\/sk\/caste-otazky\/","title":{"rendered":"\u010cast\u00e9 ot\u00e1zky"},"content":{"rendered":"<div class=\"wpb-content-wrapper\"><p>[vc_row][vc_column]<h3 style=\"text-align:left;\" class=\"ts-custom-heading \" >Pierwszy raz w laboratorium MTZ?<\/h3>\n[vc_column_text css=&#8220;&#8220;]MTZ \u2013 My To Zdrowie je modern\u00e1 slu\u017eba laborat\u00f3rnych vy\u0161etren\u00ed pre Poliakov v Holandsku a Nemecku. Pon\u00fakame r\u00fdchle vy\u0161etrenia krvi bez odpor\u00fa\u010dania a mo\u017enos\u0165 konzult\u00e1cie v\u00fdsledkov s po\u013esk\u00fdm lek\u00e1rom \u2013 pohodlne, bezpe\u010dne a bez stresu.[\/vc_column_text][vc_tta_accordion c_icon=&#8220;chevron&#8220; c_position=&#8220;right&#8220; active_section=&#8220;1&#8243;][vc_tta_section title=&#8220;Je vy\u0161etrenie krvi bezpe\u010dn\u00e9?&#8220; tab_id=&#8220;1775219273583-a706823d-3479&#8243;][vc_column_text css=&#8220;&#8220;]\u00c1no. Spolupracujeme v\u00fdhradne s profesion\u00e1lnymi odbern\u00fdmi miestami, ktor\u00e9 zabezpe\u010duj\u00fa:<\/p>\n<ul>\n<li>sterilitu,<\/li>\n<li>bezpe\u010dnos\u0165,<\/li>\n<li>kvalifikovan\u00fd person\u00e1l.<\/li>\n<\/ul>\n<p>[\/vc_column_text][\/vc_tta_section][vc_tta_section title=&#8220;M\u00f4\u017eem si da\u0165 urobi\u0165 vy\u0161etrenie krvi bez odpor\u00fa\u010dania?&#8220; tab_id=&#8220;1525932736882-f6264f15-b5c0&#8243;][vc_column_text css=&#8220;&#8220;]\u00c1no. Pon\u00fakame s\u00fakromn\u00e9 vy\u0161etrenia krvi v Holandsku (Haag, Boskoop, Helmond) \ud83c\uddf3\ud83c\uddf1 a Nemecku \ud83c\udde9\ud83c\uddea bez odpor\u00fa\u010dania od lek\u00e1ra. Sta\u010d\u00ed n\u00e1s kontaktova\u0165 a vybra\u0165 si vy\u0161etrenia.[\/vc_column_text][\/vc_tta_section][vc_tta_section title=&#8220;Ako sa m\u00f4\u017eem objedna\u0165 na vy\u0161etrenia?&#8220; tab_id=&#8220;1525932736895-4c35a99e-1554&#8243;][vc_column_text css=&#8220;&#8220;]M\u00f4\u017eete n\u00e1s kontaktova\u0165:<\/p>\n<p>\ud83d\udcde +48 731 107 602<br \/>\n\ud83d\udce7 mtz.mytozdrowie@gmail.com[\/vc_column_text][\/vc_tta_section][vc_tta_section title=&#8220;Pon\u00fakate hotov\u00e9 bal\u00ed\u010dky vy\u0161etren\u00ed?&#8220; tab_id=&#8220;1525933113360-dae4a488-f0b7&#8243;][vc_column_text css=&#8220;&#8220;]\u00c1no. M\u00e1me \u0161irok\u00fd v\u00fdber bal\u00ed\u010dkov, okrem in\u00e9ho:<\/p>\n<ul>\n<li>z\u00e1kladn\u00e9 bal\u00ed\u010dky,<\/li>\n<li>hormon\u00e1lne,<\/li>\n<li>pre \u017eeny a mu\u017eov,<\/li>\n<li>metabolick\u00e9,<\/li>\n<li>\u0161portov\u00e9,<\/li>\n<li>diagnostick\u00e9 (napr. \u0161t\u00edtna \u017e\u013eaza, cukor).<\/li>\n<\/ul>\n<p>[\/vc_column_text][\/vc_tta_section][vc_tta_section title=&#8220;Ako prebiehaj\u00fa laborat\u00f3rne vy\u0161etrenia v zahrani\u010d\u00ed?&#8220; tab_id=&#8220;1525932988317-517ad062-c849&#8243;][vc_column_text css=&#8220;&#8220;]Vy\u0161etrenia sa vykon\u00e1vaj\u00fa v overen\u00fdch odbern\u00fdch miestach v Holandsku a Nemecku. Proces vyzer\u00e1 takto:<\/p>\n<ol>\n<li>Vyberiete si vy\u0161etrenia alebo bal\u00ed\u010dek.<\/li>\n<li>Dohodneme term\u00edn.<\/li>\n<li>Odovzd\u00e1te krv v odbernom mieste.<\/li>\n<li>V\u00fdsledky dostanete online.<\/li>\n<\/ol>\n<p>[\/vc_column_text][\/vc_tta_section][vc_tta_section title=&#8220;M\u00f4\u017eem konzultova\u0165 v\u00fdsledky s lek\u00e1rom?&#8220; tab_id=&#8220;1525933131215-fe810ce0-7b7a&#8220;][vc_column_text css=&#8220;&#8220;]\u00c1no. Pon\u00fakame anal\u00fdzu v\u00fdsledkov vy\u0161etren\u00ed s po\u013esk\u00fdm lek\u00e1rom formou telekonzult\u00e1cie. Lek\u00e1r:<\/p>\n<ul>\n<li>vysvetl\u00ed v\u00fdsledky,<\/li>\n<li>pouk\u00e1\u017ee na pr\u00edpadn\u00e9 nezrovnalosti,<\/li>\n<li>porad\u00ed \u010fal\u0161ie kroky.<\/li>\n<\/ul>\n<p>[\/vc_column_text][\/vc_tta_section][vc_tta_section title=&#8220;Je telekonzult\u00e1cia povinn\u00e1 a ko\u013eko stoj\u00ed?&#8220; tab_id=&#8220;1775219323223-33a98100-a1b1&#8243;][vc_column_text css=&#8220;&#8220;]Telekonzult\u00e1cia nie je povinn\u00e1. M\u00f4\u017eete si da\u0165 urobi\u0165 len vy\u0161etrenia alebo dodato\u010dne vyu\u017ei\u0165 konzult\u00e1ciu s lek\u00e1rom \u2013 je to mo\u017enos\u0165 pre osoby, ktor\u00e9 chc\u00fa d\u00f4kladne porozumie\u0165 svojim v\u00fdsledkom. Cena 30 \u20ac.[\/vc_column_text][\/vc_tta_section][vc_tta_section title=&#8220;Ako r\u00fdchlo a ak\u00fdm sp\u00f4sobom dostanem v\u00fdsledky?&#8220; tab_id=&#8220;1525933066792-8a3000ec-c559&#8243;][vc_column_text css=&#8220;&#8220;]V\u00e4\u010d\u0161ina v\u00fdsledkov je dostupn\u00e1 u\u017e do 24 hod\u00edn. V pr\u00edpade pokro\u010dilej\u0161\u00edch vy\u0161etren\u00ed m\u00f4\u017ee by\u0165 \u010das o nie\u010do dlh\u0161\u00ed. V\u00fdsledky dostanete online.[\/vc_column_text][\/vc_tta_section][\/vc_tta_accordion][\/vc_column][\/vc_row]<\/p>\n<\/div>","protected":false},"excerpt":{"rendered":"<p>[vc_row][vc_column][vc_column_text css=&#8220;&#8220;]MTZ \u2013 My To Zdrowie je modern\u00e1 slu\u017eba laborat\u00f3rnych vy\u0161etren\u00ed pre Poliakov v Holandsku a Nemecku. Pon\u00fakame r\u00fdchle vy\u0161etrenia krvi bez odpor\u00fa\u010dania a mo\u017enos\u0165 konzult\u00e1cie v\u00fdsledkov s po\u013esk\u00fdm lek\u00e1rom \u2013 pohodlne, bezpe\u010dne a bez stresu.[\/vc_column_text][vc_tta_accordion c_icon=&#8220;chevron&#8220; c_position=&#8220;right&#8220; active_section=&#8220;1&#8243;][vc_tta_section title=&#8220;Je vy\u0161etrenie krvi bezpe\u010dn\u00e9?&#8220; tab_id=&#8220;1775219273583-a706823d-3479&#8243;][vc_column_text css=&#8220;&#8220;]\u00c1no. Spolupracujeme v\u00fdhradne s profesion\u00e1lnymi odbern\u00fdmi miestami, ktor\u00e9 zabezpe\u010duj\u00fa: sterilitu, bezpe\u010dnos\u0165, &hellip; <a href=\"https:\/\/mytozdrowie.nl\/sk\/caste-otazky\/\" class=\"more-link\" title=\"Continue reading <span class=\"screen-reader-text\">\u010cast\u00e9 ot\u00e1zky<\/span>&#8222;>Continue reading <span class=\"screen-reader-text\">\u010cast\u00e9 ot\u00e1zky<\/span><\/a><\/p>\n","protected":false},"author":1,"featured_media":0,"parent":0,"menu_order":17,"comment_status":"closed","ping_status":"closed","template":"","meta":{"footnotes":""},"class_list":["post-325","page","type-page","status-publish","hentry"],"_links":{"self":[{"href":"https:\/\/mytozdrowie.nl\/sk\/wp-json\/wp\/v2\/pages\/325","targetHints":{"allow":["GET"]}}],"collection":[{"href":"https:\/\/mytozdrowie.nl\/sk\/wp-json\/wp\/v2\/pages"}],"about":[{"href":"https:\/\/mytozdrowie.nl\/sk\/wp-json\/wp\/v2\/types\/page"}],"author":[{"embeddable":true,"href":"https:\/\/mytozdrowie.nl\/sk\/wp-json\/wp\/v2\/users\/1"}],"replies":[{"embeddable":true,"href":"https:\/\/mytozdrowie.nl\/sk\/wp-json\/wp\/v2\/comments?post=325"}],"version-history":[{"count":4,"href":"https:\/\/mytozdrowie.nl\/sk\/wp-json\/wp\/v2\/pages\/325\/revisions"}],"predecessor-version":[{"id":331,"href":"https:\/\/mytozdrowie.nl\/sk\/wp-json\/wp\/v2\/pages\/325\/revisions\/331"}],"wp:attachment":[{"href":"https:\/\/mytozdrowie.nl\/sk\/wp-json\/wp\/v2\/media?parent=325"}],"curies":[{"name":"wp","href":"https:\/\/api.w.org\/{rel}","templated":true}]}}