{"id":390,"date":"2018-08-03T08:06:05","date_gmt":"2018-08-03T06:06:05","guid":{"rendered":"https:\/\/mytozdrowie.nl\/o-nas\/"},"modified":"2026-04-15T08:52:48","modified_gmt":"2026-04-15T06:52:48","slug":"o-nas","status":"publish","type":"page","link":"https:\/\/mytozdrowie.nl\/sk\/o-nas\/","title":{"rendered":"O n\u00e1s"},"content":{"rendered":"<div class=\"wpb-content-wrapper\"><p>[vc_row full_width=&#8220;stretch_row&#8220; el_class=&#8220;ts-column-pad-0&#8243; css=&#8220;.vc_custom_1535171682818{padding-bottom: 50px !important;}&#8220; ts_responsive_css=&#8220;69022376|colbreak_yes|||||||||colbreak_no|||||||||colbreak_no||||||||||colbreak_no|||||||||&#8220;][vc_column width=&#8220;1\/2&#8243; css=&#8220;.vc_custom_1533536933706{padding-right: 15% !important;}&#8220;]<div class=\"ts-element-heading-wrapper ts-heading-inner ts-element-align-left ts-seperator-none  vc_custom_1775464246212\"><section class=\"ts-vc_cta3-container\"><div class=\"ts-vc_general ts-vc_cta3 ts-cta3-only ts-vc_cta3-style-classic ts-vc_cta3-shape-rounded ts-vc_cta3-align-left ts-vc_cta3-color-transparent ts-vc_cta3-icon-size-md ts-vc_cta3-actions-no ts-cta3-with-desc\"><div class=\"ts-vc_cta3_content-container\"><div class=\"ts-vc_cta3-content\"><div class=\"ts-vc_cta3-content-header ts-wrap\"><div class=\"ts-vc_cta3-headers ts-wrap-cell\"><h2 class=\"ts-custom-heading \" >PIERWSZE POLSKIE<br \/>\nPUNKTY POBRA\u0143 KRWI W HOLANDII<\/h2>\n<\/div><\/div><div class=\"ts-cta3-content-wrapper\"><p>Jeste\u015bmy jedynym polskim punktem pobra\u0144 krwi w Holandii. Tworzymy to miejsce z my\u015bl\u0105 o Polakach mieszkaj\u0105cych w Holandii \u2013 aby mogli wykona\u0107 badania w swoim j\u0119zyku, bez straty czasu i nieporozumie\u0144.<\/p><\/div><\/div><\/div><\/div><\/section><\/div> <!-- .ts-element-heading-wrapper container --> [vc_column_text]Komplexne sa o v\u00e1s postar\u00e1me \u2013 n\u00e1\u0161 t\u00edm sk\u00fasen\u00fdch lek\u00e1rov v\u00e1m porad\u00ed, ak\u00e9 vy\u0161etrenia by ste mali absolvova\u0165, zdravotn\u00e1 asistentka v\u00e1m pom\u00f4\u017ee vybra\u0165 vhodn\u00fd bal\u00edk a certifikovan\u00e1 zdravotn\u00e1 sestra odoberie krv. V\u00fdsledky dostanete u\u017e na druh\u00fd de\u0148! U\u017e nemus\u00edte cestova\u0165 do Po\u013eska, aby ste sa nechali vy\u0161etri\u0165.[\/vc_column_text][\/vc_column][vc_column ts_bgcolor=&#8220;skincolor&#8220; width=&#8220;1\/2&#8243; ts_responsive_css=&#8220;69486073|colbreak_no|||||15||||colbreak_no|||||||||colbreak_no||||||||||colbreak_no|||||||||&#8220;][vc_single_image image=&#8220;335&#8243; img_size=&#8220;full&#8220; css=&#8220;&#8220;][vc_row_inner css=&#8220;.vc_custom_1534659427495{padding-right: 50px !important;padding-bottom: 10px !important;padding-left: 50px !important;}&#8220;][vc_column_inner width=&#8220;1\/2&#8243;]<h4 style=\"text-align:left;\" class=\"ts-custom-heading \" >OTV\u00c1RACIE HODINY A CENN\u00cdK<\/h4>\n<p style=\"text-align:left;\" class=\"ts-custom-heading \" >Te\u0161\u00edme sa na v\u00e1s \u2013 zap\u00ed\u0161te sa e\u0161te dnes!<\/p>\n[\/vc_column_inner][vc_column_inner width=&#8220;1\/2&#8243;]\r\n\t\t<div class=\"ts-vc_btn3-container  ts-btn-align-left-767 ts-vc_btn3-right\"><a class=\"ts-vc_general ts-vc_btn3 ts-vc_btn3-size-md ts-vc_btn3-shape-square ts-vc_btn3-style-flat ts-vc_btn3-weight-no ts-vc_btn3-color-white\" href=\"\/kontakt\/\" title=\"\">POZRITE SI PONUKU<\/a><\/div>[\/vc_column_inner][\/vc_row_inner][\/vc_column][\/vc_row][vc_row full_width=&#8220;stretch_row&#8220; el_class=&#8220;ts-column-pad-0&#8243; css=&#8220;.vc_custom_1533893514163{padding-top: 0px !important;padding-bottom: 40px !important;}&#8220;][vc_column width=&#8220;1\/2&#8243; css=&#8220;.vc_custom_1775464296489{margin-top: -100px !important;padding-right: 15% !important;}&#8220; ts_responsive_css=&#8220;67218138|colbreak_no|0||||||||colbreak_no|||||||||colbreak_no||||||||||colbreak_no|||||||||&#8220;][vc_single_image image=&#8220;336&#8243; img_size=&#8220;497*538&#8243; css=&#8220;&#8220;][\/vc_column][vc_column width=&#8220;1\/2&#8243;]<div class=\"ts-element-heading-wrapper ts-heading-inner ts-element-align-left ts-seperator-none \"><section class=\"ts-vc_cta3-container\"><div class=\"ts-vc_general ts-vc_cta3 ts-cta3-only ts-vc_cta3-style-classic ts-vc_cta3-shape-rounded ts-vc_cta3-align-left ts-vc_cta3-color-transparent ts-vc_cta3-icon-size-md ts-vc_cta3-actions-no ts-cta3-without-desc\"><div class=\"ts-vc_cta3_content-container\"><div class=\"ts-vc_cta3-content\"><div class=\"ts-vc_cta3-content-header ts-wrap\"><div class=\"ts-vc_cta3-headers ts-wrap-cell\"><h2 class=\"ts-custom-heading \" >DLACZEGO WARTO<br \/>\nNAM ZAUFA\u0106?<\/h2>\n<\/div><\/div><\/div><\/div><\/div><\/section><\/div> <!-- .ts-element-heading-wrapper container --> [vc_column_text]Uvedomujeme si, \u017ee pri v\u00fdbere odberov\u00e9ho miesta s\u00fa najd\u00f4le\u017eitej\u0161ie: profesionalita, presnos\u0165 v\u00fdsledkov, bezpe\u010dnos\u0165 a d\u00f4vera. Preto kladieme d\u00f4raz na najvy\u0161\u0161ie \u0161tandardy slu\u017eieb a kvality. Spolupracujeme s jedn\u00fdm z najlep\u0161\u00edch laborat\u00f3ri\u00ed v Po\u013esku s certifik\u00e1tom ISO \u2013 v\u0161etky vy\u0161etrenia sa vykon\u00e1vaj\u00fa na zariadeniach najvy\u0161\u0161ej triedy na svete.[\/vc_column_text][vc_row_inner el_class=&#8220;ts-fid-sep&#8220;][vc_column_inner width=&#8220;1\/3&#8243;]\r\n\r\n<div class=\"ts-fid inside ts-fid-boxstyle-without-icon ts-fidbox-style-3\">\r\n\t<div class=\"ts-fld-contents\">\r\n\t\t<h3 class=\"ts-fid-inner\">\r\n\t\t\t\t\t\t<span\r\n\t\t\t\tdata-appear-animation = \"animateDigits\"\r\n\t\t\t\tdata-from             = \"0\"\r\n\t\t\t\tdata-to               = \"36\"\r\n\t\t\t\tdata-interval         = \"5\"\r\n\t\t\t\t>\r\n\t\t\t\t\t36\t\t\t<\/span>\r\n\t\t\t\t\t<\/h3>\r\n\t\t<h6 class=\"ts-fid-title\"><span>V\u00ddSLEDKY V HODIN\u00c1CH<br><\/span><\/h6>\r\n\t<\/div><!-- .ts-fld-contents -->\r\n<\/div>\r\n\r\n\r\n\r\n[\/vc_column_inner][vc_column_inner width=&#8220;1\/3&#8243;]\r\n\r\n<div class=\"ts-fid inside ts-fid-boxstyle-without-icon ts-fidbox-style-3\">\r\n\t<div class=\"ts-fld-contents\">\r\n\t\t<h3 class=\"ts-fid-inner\">\r\n\t\t\t\t\t\t<span\r\n\t\t\t\tdata-appear-animation = \"animateDigits\"\r\n\t\t\t\tdata-from             = \"0\"\r\n\t\t\t\tdata-to               = \"4\"\r\n\t\t\t\tdata-interval         = \"5\"\r\n\t\t\t\t>\r\n\t\t\t\t\t4\t\t\t<\/span>\r\n\t\t\t\t\t<\/h3>\r\n\t\t<h6 class=\"ts-fid-title\"><span>JAZYKY OBSLUHY<br><\/span><\/h6>\r\n\t<\/div><!-- .ts-fld-contents -->\r\n<\/div>\r\n\r\n\r\n\r\n[\/vc_column_inner][vc_column_inner width=&#8220;1\/3&#8243;]\r\n\r\n<div class=\"ts-fid inside ts-fid-boxstyle-without-icon ts-fidbox-style-3\">\r\n\t<div class=\"ts-fld-contents\">\r\n\t\t<h3 class=\"ts-fid-inner\">\r\n\t\t\t\t\t\t<span\r\n\t\t\t\tdata-appear-animation = \"animateDigits\"\r\n\t\t\t\tdata-from             = \"0\"\r\n\t\t\t\tdata-to               = \"30\"\r\n\t\t\t\tdata-interval         = \"5\"\r\n\t\t\t\t>\r\n\t\t\t\t\t30\t\t\t<\/span>\r\n\t\t\t\t\t<\/h3>\r\n\t\t<h6 class=\"ts-fid-title\"><span>BAL\u00cdKOV VY\u0160ETREN\u00cd<br><\/span><\/h6>\r\n\t<\/div><!-- .ts-fld-contents -->\r\n<\/div>\r\n\r\n\r\n\r\n[\/vc_column_inner][\/vc_row_inner][\/vc_column][\/vc_row][vc_row ts_bgcolor=&#8220;grey&#8220; full_width=&#8220;stretch_row&#8220; css=&#8220;.vc_custom_1533285607880{padding-bottom: 100px !important;}&#8220;][vc_column]<div class=\"ts-element-heading-wrapper ts-heading-inner ts-element-align-center ts-seperator-none \"><section class=\"ts-vc_cta3-container\"><div class=\"ts-vc_general ts-vc_cta3 ts-cta3-only ts-vc_cta3-style-classic ts-vc_cta3-shape-rounded ts-vc_cta3-align-center ts-vc_cta3-color-transparent ts-vc_cta3-icon-size-md ts-vc_cta3-actions-no ts-cta3-without-desc\"><div class=\"ts-vc_cta3_content-container\"><div class=\"ts-vc_cta3-content\"><div class=\"ts-vc_cta3-content-header ts-wrap\"><div class=\"ts-vc_cta3-headers ts-wrap-cell\"><h2 class=\"ts-custom-heading \" >NASZE PAKIETY BADA\u0143<br \/>\nDOPASOWANE DO TWOICH POTRZEB<\/h2>\n<\/div><\/div><\/div><\/div><\/div><\/section><\/div> <!-- .ts-element-heading-wrapper container --> [vc_row_inner][vc_column_inner width=&#8220;1\/3&#8243;]\r\n\r\n<div class=\"ts-ihbox ts-ihbox-style-3 ts-ihbox-itype-icon \">\r\n\t<div class=\"ts-sbox-bgimage-layer ts-bgimage-layer\"><\/div>\r\n\t<div class=\"ts-ihbox-wrapper-bg-layer ts-bg-layer\"><\/div>\r\n\t\r\n\t<div class=\"ts-ihbox-inner\">\r\n\t\t<div class=\"ts-ihbox-icon ts-large-icon ts-icon-skincolor\">\r\n\t\t\t<div class=\"ts-ihbox-icon-wrapper\"><i class=\"ts-labtechco-business-icon ts-labtechco-business-icon-microscope-2\"><\/i><\/div>\t\t<\/div>\r\n\r\n\t\t<div class=\"ts-ihbox-contents\">\r\n\t\t\t<div class=\"ts-vc_general ts-vc_cta3 ts-cta3-only ts-vc_cta3-style-classic ts-vc_cta3-shape-rounded ts-vc_cta3-align-left ts-vc_cta3-color-transparent ts-vc_cta3-icon-size-md ts-vc_cta3-actions-no ts-cta3-with-desc\"><div class=\"ts-vc_cta3_content-container\"><div class=\"ts-vc_cta3-content\"><div class=\"ts-vc_cta3-content-header ts-wrap\"><div class=\"ts-vc_cta3-headers ts-wrap-cell\"><h2 class=\"ts-custom-heading \">PAKIETY DLA SPORTOWC\u00d3W I KULTURYST\u00d3W<\/h2>\n<\/div><\/div><div class=\"ts-cta3-content-wrapper\"> <\/div><\/div><\/div><\/div>\t\t\t<div class=\"ts-cta3-content-wrapper\">Kontrola horm\u00f3nov, v\u00fdkonnostn\u00fdch a regenera\u010dn\u00fdch parametrov. Bal\u00edky vytvoren\u00e9 t\u00edmom sk\u00fasen\u00fdch lek\u00e1rov \u0161pecialistov. <\/div>\t\t\t\t\t<\/div><!-- .ts-ihbox-contents -->\r\n\t<\/div>\r\n<\/div>\r\n\r\n\r\n\r\n[\/vc_column_inner][vc_column_inner width=&#8220;1\/3&#8243;]\r\n\r\n<div class=\"ts-ihbox ts-ihbox-style-3 ts-ihbox-itype-icon \">\r\n\t<div class=\"ts-sbox-bgimage-layer ts-bgimage-layer\"><\/div>\r\n\t<div class=\"ts-ihbox-wrapper-bg-layer ts-bg-layer\"><\/div>\r\n\t\r\n\t<div class=\"ts-ihbox-inner\">\r\n\t\t<div class=\"ts-ihbox-icon ts-large-icon ts-icon-skincolor\">\r\n\t\t\t<div class=\"ts-ihbox-icon-wrapper\"><i class=\"ts-labtechco-business-icon ts-labtechco-business-icon-bacteria\"><\/i><\/div>\t\t<\/div>\r\n\r\n\t\t<div class=\"ts-ihbox-contents\">\r\n\t\t\t<div class=\"ts-vc_general ts-vc_cta3 ts-cta3-only ts-vc_cta3-style-classic ts-vc_cta3-shape-rounded ts-vc_cta3-align-left ts-vc_cta3-color-transparent ts-vc_cta3-icon-size-md ts-vc_cta3-actions-no ts-cta3-with-desc\"><div class=\"ts-vc_cta3_content-container\"><div class=\"ts-vc_cta3-content\"><div class=\"ts-vc_cta3-content-header ts-wrap\"><div class=\"ts-vc_cta3-headers ts-wrap-cell\"><h2 class=\"ts-custom-heading \">PAKIETY ROZSZERZONE I DEDYKOWANE<\/h2>\n<\/div><\/div><div class=\"ts-cta3-content-wrapper\"> <\/div><\/div><\/div><\/div>\t\t\t<div class=\"ts-cta3-content-wrapper\">Komplexn\u00e1 diagnostika: cukrovka, an\u00e9mia, \u0161t\u00edtna \u017e\u013eaza, pe\u010de\u0148, pod\u017eal\u00fadkov\u00e1 \u017e\u013eaza, obli\u010dky, vitam\u00edny. Vyhraden\u00e9 bal\u00edky pre \u017eeny, mu\u017eov, pl\u00e1nuj\u00facich tehotenstvo a pou\u017e\u00edvaj\u00facich antikoncepciu. <\/div>\t\t\t\t\t<\/div><!-- .ts-ihbox-contents -->\r\n\t<\/div>\r\n<\/div>\r\n\r\n\r\n\r\n[\/vc_column_inner][vc_column_inner width=&#8220;1\/3&#8243;]\r\n\r\n<div class=\"ts-ihbox ts-ihbox-style-3 ts-ihbox-itype-icon \">\r\n\t<div class=\"ts-sbox-bgimage-layer ts-bgimage-layer\"><\/div>\r\n\t<div class=\"ts-ihbox-wrapper-bg-layer ts-bg-layer\"><\/div>\r\n\t\r\n\t<div class=\"ts-ihbox-inner\">\r\n\t\t<div class=\"ts-ihbox-icon ts-large-icon ts-icon-skincolor\">\r\n\t\t\t<div class=\"ts-ihbox-icon-wrapper\"><i class=\"ts-labtechco-business-icon ts-labtechco-business-icon-flask\"><\/i><\/div>\t\t<\/div>\r\n\r\n\t\t<div class=\"ts-ihbox-contents\">\r\n\t\t\t<div class=\"ts-vc_general ts-vc_cta3 ts-cta3-only ts-vc_cta3-style-classic ts-vc_cta3-shape-rounded ts-vc_cta3-align-left ts-vc_cta3-color-transparent ts-vc_cta3-icon-size-md ts-vc_cta3-actions-no ts-cta3-with-desc\"><div class=\"ts-vc_cta3_content-container\"><div class=\"ts-vc_cta3-content\"><div class=\"ts-vc_cta3-content-header ts-wrap\"><div class=\"ts-vc_cta3-headers ts-wrap-cell\"><h2 class=\"ts-custom-heading \">ALERGIE I MARKERY NOWOTWOROWE<\/h2>\n<\/div><\/div><div class=\"ts-cta3-content-wrapper\"> <\/div><\/div><\/div><\/div>\t\t\t<div class=\"ts-cta3-content-wrapper\">Diagnostika naj\u010dastej\u0161\u00edch potravinov\u00fdch a inhala\u010dn\u00fdch alergi\u00ed a prevent\u00edvna kontrola n\u00e1dorov\u00fdch markerov. V\u010dasn\u00e9 odhalenie je najlep\u0161ia ochrana. <\/div>\t\t\t\t\t<\/div><!-- .ts-ihbox-contents -->\r\n\t<\/div>\r\n<\/div>\r\n\r\n\r\n\r\n[\/vc_column_inner][\/vc_row_inner][\/vc_column][\/vc_row][vc_row ts_bgcolor=&#8220;skincolor&#8220; full_width=&#8220;stretch_row&#8220;][vc_column][vc_row_inner][vc_column_inner width=&#8220;1\/3&#8243;]<div class=\"themestek-progress-bar vc_progress_bar wpb_content_element vc_progress-bar-color-white vc_progress-bar-color-white\"><div class=\"ts-pbar-single-bar-w ts-pbar-icon-false\"><div class=\"vc_general vc_single_bar\"><small class=\"vc_label\"> CERTYFIKOWANY PERSONEL<\/small> <span class=\"ts-vc_label_units vc_label_units\">100%<\/span><span class=\"vc_bar \" data-percentage-value=\"100\" data-value=\"100\"><\/span><\/div><\/div><\/div>[vc_column_text]Krv odober\u00e1 certifikovan\u00e1 zdravotn\u00e1 sestra zap\u00edsan\u00e1 v holandskom registri BIG zdravotn\u00edckych pracovn\u00edkov. Pln\u00e1 bezpe\u010dnos\u0165 a profesionalita.[\/vc_column_text][\/vc_column_inner][vc_column_inner width=&#8220;1\/3&#8243;]<div class=\"themestek-progress-bar vc_progress_bar wpb_content_element vc_progress-bar-color-white vc_progress-bar-color-white\"><div class=\"ts-pbar-single-bar-w ts-pbar-icon-false\"><div class=\"vc_general vc_single_bar\"><small class=\"vc_label\">KONSULTACJA LEKARSKA<\/small> <span class=\"ts-vc_label_units vc_label_units\">100%<\/span><span class=\"vc_bar \" data-percentage-value=\"100\" data-value=\"100\"><\/span><\/div><\/div><\/div>[vc_column_text]Mo\u017enos\u0165 konzult\u00e1cie s po\u013esk\u00fdm lek\u00e1rom pred a po vy\u0161etreniach. Kontroluj\u00faci lek\u00e1r dozer\u00e1 na v\u00fdber vy\u0161etren\u00ed a interpret\u00e1ciu v\u00fdsledkov.[\/vc_column_text][\/vc_column_inner][vc_column_inner width=&#8220;1\/3&#8243;]<div class=\"themestek-progress-bar vc_progress_bar wpb_content_element vc_progress-bar-color-white vc_progress-bar-color-white\"><div class=\"ts-pbar-single-bar-w ts-pbar-icon-false\"><div class=\"vc_general vc_single_bar\"><small class=\"vc_label\"> LABORATORIUM ISO<\/small> <span class=\"ts-vc_label_units vc_label_units\">100%<\/span><span class=\"vc_bar \" data-percentage-value=\"100\" data-value=\"100\"><\/span><\/div><\/div><\/div>[vc_column_text]Spolupracujeme s jedn\u00fdm z najlep\u0161\u00edch laborat\u00f3ri\u00ed v Po\u013esku s certifik\u00e1tom ISO. Sk\u00famavky renomovanej firmy zaru\u010duj\u00fa najvy\u0161\u0161iu presnos\u0165 v\u00fdsledkov.[\/vc_column_text][\/vc_column_inner][\/vc_row_inner][\/vc_column][\/vc_row][vc_row full_width=&#8220;stretch_row&#8220;][vc_column]<div class=\"themestek-boxes themestek-boxes-testimonial themestek-boxes-element-testimonial-style-2 themestek-boxes-view-carousel themestek-boxes-col-one themestek-boxes-sortable-no themestek-boxes-textalign-center themestek-boxes-sortablebutton- ts-boxes-carousel-arrows-1\" data-ts-speed=\"1500\" data-ts-autoplay=\"1\" data-ts-autoplayspeed=\"4500\" data-ts-loop=\"1\" data-ts-dots=\"0\" data-ts-nav=\"1\" data-ts-centermode=\"0\" data-ts-pauseonfocus=\"1\" data-ts-pauseonhover=\"1\" data-ts-slidestoscroll=\"column\" data-ts-effecttype=\"slide\">\r\n\t\t<div class=\"themestek-boxes-inner themestek-boxes-testimonial-inner \"><div class=\"themestek-box-heading-wrapper ts-element-align-center\"><div class=\"ts-element-heading-wrapper ts-heading-inner ts-element-align-center ts-seperator-none \"><section class=\"ts-vc_cta3-container\"><div class=\"ts-vc_general ts-vc_cta3 ts-cta3-only ts-vc_cta3-style-classic ts-vc_cta3-shape-rounded ts-vc_cta3-align-center ts-vc_cta3-color-transparent ts-vc_cta3-icon-size-md ts-vc_cta3-actions-no ts-cta3-with-desc\"><div class=\"ts-vc_cta3_content-container\"><div class=\"ts-vc_cta3-content\"><div class=\"ts-vc_cta3-content-header ts-wrap\"><div class=\"ts-vc_cta3-headers ts-wrap-cell\"><h2 class=\"ts-custom-heading \" ><a href=\"\">CO M\u00d3WI\u0104 NASI PACJENCI<\/a><\/h2>\n<\/div><\/div><div class=\"ts-cta3-content-wrapper\"><p><a href=\"https:\/\/www.facebook.com\/profile.php?id=61584200886714&amp;sk=reviews\">Pozrite si \u010fal\u0161ie recenzie<\/a><\/p><\/div><\/div><\/div><\/div><\/section><\/div> <!-- .ts-element-heading-wrapper container --> <\/div> <!-- .ts-element-heading-wrapper container --> <\/div><!-- .themestek-boxes-inner -->   <\/div><!-- .themestek-boxes -->  [\/vc_column][\/vc_row]<\/p>\n<\/div>","protected":false},"excerpt":{"rendered":"<p>[vc_row full_width=&#8220;stretch_row&#8220; el_class=&#8220;ts-column-pad-0&#8243; css=&#8220;.vc_custom_1535171682818{padding-bottom: 50px !important;}&#8220; ts_responsive_css=&#8220;69022376|colbreak_yes|||||||||colbreak_no|||||||||colbreak_no||||||||||colbreak_no|||||||||&#8220;][vc_column width=&#8220;1\/2&#8243; css=&#8220;.vc_custom_1533536933706{padding-right: 15% !important;}&#8220;][vc_column_text]Komplexne sa o v\u00e1s postar\u00e1me \u2013 n\u00e1\u0161 t\u00edm sk\u00fasen\u00fdch lek\u00e1rov v\u00e1m porad\u00ed, ak\u00e9 vy\u0161etrenia by ste mali absolvova\u0165, zdravotn\u00e1 asistentka v\u00e1m pom\u00f4\u017ee vybra\u0165 vhodn\u00fd bal\u00edk a certifikovan\u00e1 zdravotn\u00e1 sestra odoberie krv. V\u00fdsledky dostanete u\u017e na druh\u00fd de\u0148! U\u017e nemus\u00edte cestova\u0165 do Po\u013eska, aby ste sa &hellip; <a href=\"https:\/\/mytozdrowie.nl\/sk\/o-nas\/\" class=\"more-link\" title=\"Continue reading <span class=\"screen-reader-text\">O n\u00e1s<\/span>&#8222;>Continue reading <span class=\"screen-reader-text\">O n\u00e1s<\/span><\/a><\/p>\n","protected":false},"author":1,"featured_media":0,"parent":0,"menu_order":14,"comment_status":"closed","ping_status":"closed","template":"","meta":{"footnotes":""},"class_list":["post-390","page","type-page","status-publish","hentry"],"_links":{"self":[{"href":"https:\/\/mytozdrowie.nl\/sk\/wp-json\/wp\/v2\/pages\/390","targetHints":{"allow":["GET"]}}],"collection":[{"href":"https:\/\/mytozdrowie.nl\/sk\/wp-json\/wp\/v2\/pages"}],"about":[{"href":"https:\/\/mytozdrowie.nl\/sk\/wp-json\/wp\/v2\/types\/page"}],"author":[{"embeddable":true,"href":"https:\/\/mytozdrowie.nl\/sk\/wp-json\/wp\/v2\/users\/1"}],"replies":[{"embeddable":true,"href":"https:\/\/mytozdrowie.nl\/sk\/wp-json\/wp\/v2\/comments?post=390"}],"version-history":[{"count":2,"href":"https:\/\/mytozdrowie.nl\/sk\/wp-json\/wp\/v2\/pages\/390\/revisions"}],"predecessor-version":[{"id":404,"href":"https:\/\/mytozdrowie.nl\/sk\/wp-json\/wp\/v2\/pages\/390\/revisions\/404"}],"wp:attachment":[{"href":"https:\/\/mytozdrowie.nl\/sk\/wp-json\/wp\/v2\/media?parent=390"}],"curies":[{"name":"wp","href":"https:\/\/api.w.org\/{rel}","templated":true}]}}